{"id":16695,"date":"2018-08-11T08:50:52","date_gmt":"2018-08-11T08:50:52","guid":{"rendered":"https:\/\/teszt.hoteldelibab.hu\/csomag-ajanlatok-2\/"},"modified":"2026-02-16T11:30:05","modified_gmt":"2026-02-16T10:30:05","slug":"csomagajanlatok","status":"publish","type":"page","link":"https:\/\/teszt.hoteldelibab.hu\/en\/csomagajanlatok\/","title":{"rendered":"Packages"},"content":{"rendered":"<div class=\"wpb-content-wrapper\"><div class=\"vc_row wpb_row vc_row-fluid\" ><div class=\"wpb_column vc_column_container vc_col-sm-12\"><div class=\"vc_column-inner\"><div class=\"wpb_wrapper\"><div class=\"mkdf-section-title-holder  mkdf-st-standard  mkdf-st-title-left mkdf-st-normal-space\" >\n\t<div class=\"mkdf-st-inner\">\n\t\t\t\t\t\t\t<h2 class=\"mkdf-st-title\" >\n\t\t\t\tPackages\t\t\t\t\t\t\t<\/h2>\n\t\t\t\t\t\t\t<\/div>\n<\/div><div class=\"vc_separator wpb_content_element vc_separator_align_center vc_sep_width_100 vc_sep_pos_align_center vc_separator_no_text vc_custom_1764845002237 wpb_content_element  vc_custom_1764845002237 wpb_content_element\" ><span class=\"vc_sep_holder vc_sep_holder_l\"><span style=\"border-color:#a49383;\" class=\"vc_sep_line\"><\/span><\/span><span class=\"vc_sep_holder vc_sep_holder_r\"><span style=\"border-color:#a49383;\" class=\"vc_sep_line\"><\/span><\/span>\n<\/div><\/div><\/div><\/div><\/div><div class=\"vc_row wpb_row vc_row-fluid vc_row-o-equal-height vc_row-flex\" ><div class=\"wpb_column vc_column_container vc_col-sm-12\"><div class=\"vc_column-inner\"><div class=\"wpb_wrapper\">\n\t<div class=\"wpb_text_column wpb_content_element vc_custom_1767865756409\" >\n\t\t<div class=\"wpb_wrapper\">\n\t\t\t<h5 dir=\"auto\">Wellness, medicinal water, adventures. All year round!<\/h5>\n<p dir=\"auto\">Here, relaxation takes a new from every season. Our packages at Hotel D\u00e9lib\u00e1b offer a harmonious combination of relaxation, <a href=\"https:\/\/teszt.hoteldelibab.hu\/en\/delibab-wellness-oazis\/\" target=\"_blank\" rel=\"noopener\">wellness<\/a> and spa experiences, <a href=\"https:\/\/book.hoteldelibab.hu\/foglalas\/kereses\" target=\"_blank\" rel=\"noopener\">with direct reservation<\/a>, under favorable conditions. Ideal choice for relaxation in any season.<\/p>\n\n\t\t<\/div>\n\t<\/div>\n<div class=\"vc_separator wpb_content_element vc_separator_align_center vc_sep_width_100 vc_sep_pos_align_center vc_separator_no_text vc_custom_1764845190059 wpb_content_element  vc_custom_1764845190059 wpb_content_element\" ><span class=\"vc_sep_holder vc_sep_holder_l\"><span style=\"border-color:#a49383;\" class=\"vc_sep_line\"><\/span><\/span><span class=\"vc_sep_holder vc_sep_holder_r\"><span style=\"border-color:#a49383;\" class=\"vc_sep_line\"><\/span><\/span>\n<\/div><div class=\"mkdf-portfolio-list-holder mkdf-pl-gallery mkdf-normal-space mkdf-pl-two-columns mkdf-pl-standard-shader  mkdf-pl-has-shadow  mkdf-pl-pag-no-pagination mkdf-pl-has-filter\"  data-type=\"gallery\" data-number-of-columns=\"2\" data-space-between-items=\"normal\" data-number-of-items=\"-1\" data-image-proportions=\"full\" data-enable-fixed-proportions=\"no\" data-enable-image-shadow=\"yes\" data-category=\"csomagajanlatok-akciok\" data-order-by=\"menu_order\" data-order=\"ASC\" data-item-style=\"standard-shader\" data-enable-title=\"yes\" data-title-tag=\"h3\" data-title-text-transform=\"uppercase\" data-enable-category=\"yes\" data-enable-count-images=\"yes\" data-enable-excerpt=\"yes\" data-excerpt-length=\"-1\" data-pagination-type=\"no-pagination\" data-filter=\"yes\" data-filter-order-by=\"name\" data-enable-article-animation=\"no\" data-portfolio-slider-on=\"no\" data-enable-loop=\"yes\" data-enable-autoplay=\"yes\" data-slider-speed=\"5000\" data-slider-speed-animation=\"600\" data-enable-navigation=\"yes\" data-enable-pagination=\"yes\" data-max-num-pages=\"0\" data-next-page=\"2\">\n\t\t<div class=\"mkdf-pl-filter-holder\" >\n\t\t<div class=\"mkdf-plf-inner\">\n\t\t\t\t\t\t\t<ul >\n\t\t\t\t\t<li class=\"mkdf-pl-filter\" data-filter=\"\">\n\t\t\t\t\t\t<span>Show all<\/span>\n\t\t\t\t\t<\/li>\n\t\t\t\t\t\t\t\t\t\t\t<li class=\"mkdf-pl-filter\" data-filter=\".portfolio-category-medical-cures-hajduszoboszlo\">\n\t\t\t\t\t\t\t<span>Health<\/span>\n\t\t\t\t\t\t<\/li>\n\t\t\t\t\t\t\t\t\t\t\t<li class=\"mkdf-pl-filter\" data-filter=\".portfolio-category-easter-hajduszoboszlo\">\n\t\t\t\t\t\t\t<span>Easter<\/span>\n\t\t\t\t\t\t<\/li>\n\t\t\t\t\t\t\t\t\t\t\t<li class=\"mkdf-pl-filter\" data-filter=\".portfolio-category-tavasz_spring\">\n\t\t\t\t\t\t\t<span>Spring<\/span>\n\t\t\t\t\t\t<\/li>\n\t\t\t\t\t\t\t\t\t\t\t<li class=\"mkdf-pl-filter\" data-filter=\".portfolio-category-winter-hajduszoboszlo\">\n\t\t\t\t\t\t\t<span>Winter<\/span>\n\t\t\t\t\t\t<\/li>\n\t\t\t\t\t\t\t\t\t\t\t<li class=\"mkdf-pl-filter\" data-filter=\".portfolio-category-holiday-packages-hajduszoboszlo\">\n\t\t\t\t\t\t\t<span>Holiday<\/span>\n\t\t\t\t\t\t<\/li>\n\t\t\t\t\t\t\t\t\t\t\t<li class=\"mkdf-pl-filter\" data-filter=\".portfolio-category-wellness-csomagok-hajdoszoboszlo\">\n\t\t\t\t\t\t\t<span>Wellness<\/span>\n\t\t\t\t\t\t<\/li>\n\t\t\t\t\t\t\t\t\t<\/ul>\n\t\t\t\t\t<\/div>\n\t<\/div>\n\t\n\t<div class=\"mkdf-pl-inner  clearfix\">\n\t\t<article class=\"mkdf-pl-item  post-17427 portfolio-item type-portfolio-item status-publish has-post-thumbnail hentry portfolio-category-winter-hajduszoboszlo portfolio-category-wellness-csomagok-hajdoszoboszlo portfolio-tag-classic-room portfolio-tag-suites-hotel-delibab\">\n\t<div class=\"mkdf-pl-item-inner\">\n\t\t<div class=\"mkdf-pli-image\">\n\t\t\t<img loading=\"lazy\" decoding=\"async\" width=\"1000\" height=\"563\" src=\"https:\/\/teszt.hoteldelibab.hu\/wp-content\/uploads\/2024\/09\/TeliWellness2024_HotelDelibabHajduszoboszlo_1000x563.jpg\" class=\"attachment-full size-full wp-post-image\" alt=\"T\u00e9li Wellness \u25cf Winter Wellness \u25cf Hotel D\u00e9lib\u00e1b Hajd\u00faszoboszl\u00f3\" srcset=\"https:\/\/teszt.hoteldelibab.hu\/wp-content\/uploads\/2024\/09\/TeliWellness2024_HotelDelibabHajduszoboszlo_1000x563.jpg 1000w, https:\/\/teszt.hoteldelibab.hu\/wp-content\/uploads\/2024\/09\/TeliWellness2024_HotelDelibabHajduszoboszlo_1000x563-600x338.jpg 600w, https:\/\/teszt.hoteldelibab.hu\/wp-content\/uploads\/2024\/09\/TeliWellness2024_HotelDelibabHajduszoboszlo_1000x563-768x432.jpg 768w\" sizes=\"auto, (max-width: 1000px) 100vw, 1000px\" \/>\t<\/div>\n<div class=\"mkdf-pli-text-holder\">\n\t<div class=\"mkdf-pli-text-wrapper\">\n\t\t<div class=\"mkdf-pli-text\">\n\t\t\t\t<h3 itemprop=\"name\" class=\"mkdf-pli-title entry-title\" style=\"text-transform: uppercase\">\n\t\tD\u00e9lib\u00e1b T\u00c9LI WELLNESS\t<\/h3>\n\n\t\t\t\t\t<div class=\"mkdf-pli-category-holder\">\n\t\t\t\t\t\t\t<a itemprop=\"url\" class=\"mkdf-pli-category\" href=\"https:\/\/teszt.hoteldelibab.hu\/en\/portfolio-category\/winter-hajduszoboszlo\/\">Winter<\/a>\n\t\t\t\t\t\t\t<a itemprop=\"url\" class=\"mkdf-pli-category\" href=\"https:\/\/teszt.hoteldelibab.hu\/en\/portfolio-category\/wellness-csomagok-hajdoszoboszlo\/\">Wellness<\/a>\n\t\t\t\t\t<\/div>\n\t\n\t\t\t\t<p itemprop=\"description\" class=\"mkdf-pli-excerpt\">Winter relaxation with saunas, thermal water and half-board service. When it's cold out, the heat of various saunas and pleasant warmth of thermal water helps you recharge. Our winter wellness package offers cozy relaxation for the colder months.\r\n<\/p>\n\t\t<\/div>\n\t<\/div>\n<\/div>\t\t\n\t\t<a itemprop=\"url\" class=\"mkdf-pli-link mkdf-block-drag-link\" href=\"https:\/\/teszt.hoteldelibab.hu\/en\/csomagajanlatok\/teli-wellness\/\" target=\"_blank\"><\/a>\n\t<\/div>\n<\/article><article class=\"mkdf-pl-item  post-31534 portfolio-item type-portfolio-item status-publish has-post-thumbnail hentry portfolio-category-tavasz_spring portfolio-category-winter-hajduszoboszlo portfolio-category-wellness-csomagok-hajdoszoboszlo portfolio-tag-classic-room portfolio-tag-suites-hotel-delibab\">\n\t<div class=\"mkdf-pl-item-inner\">\n\t\t<div class=\"mkdf-pli-image\">\n\t\t\t<img loading=\"lazy\" decoding=\"async\" width=\"1000\" height=\"563\" src=\"https:\/\/teszt.hoteldelibab.hu\/wp-content\/uploads\/2026\/01\/RomantikusParosWellness_HotelDelibabHajduszoboszlo1000x563-1.jpg\" class=\"attachment-full size-full wp-post-image\" alt=\"Romantikus P\u00e1ros Wellness | Romantic Wellness for Two - Hotel D\u00e9lib\u00e1b Hajd\u00faszoboszl\u00f3\" srcset=\"https:\/\/teszt.hoteldelibab.hu\/wp-content\/uploads\/2026\/01\/RomantikusParosWellness_HotelDelibabHajduszoboszlo1000x563-1.jpg 1000w, https:\/\/teszt.hoteldelibab.hu\/wp-content\/uploads\/2026\/01\/RomantikusParosWellness_HotelDelibabHajduszoboszlo1000x563-1-600x338.jpg 600w, https:\/\/teszt.hoteldelibab.hu\/wp-content\/uploads\/2026\/01\/RomantikusParosWellness_HotelDelibabHajduszoboszlo1000x563-1-768x432.jpg 768w\" sizes=\"auto, (max-width: 1000px) 100vw, 1000px\" \/>\t<\/div>\n<div class=\"mkdf-pli-text-holder\">\n\t<div class=\"mkdf-pli-text-wrapper\">\n\t\t<div class=\"mkdf-pli-text\">\n\t\t\t\t<h3 itemprop=\"name\" class=\"mkdf-pli-title entry-title\" style=\"text-transform: uppercase\">\n\t\tRomantic Wellness For Two\t<\/h3>\n\n\t\t\t\t\t<div class=\"mkdf-pli-category-holder\">\n\t\t\t\t\t\t\t<a itemprop=\"url\" class=\"mkdf-pli-category\" href=\"https:\/\/teszt.hoteldelibab.hu\/en\/portfolio-category\/tavasz_spring\/\">Spring<\/a>\n\t\t\t\t\t\t\t<a itemprop=\"url\" class=\"mkdf-pli-category\" href=\"https:\/\/teszt.hoteldelibab.hu\/en\/portfolio-category\/winter-hajduszoboszlo\/\">Winter<\/a>\n\t\t\t\t\t\t\t<a itemprop=\"url\" class=\"mkdf-pli-category\" href=\"https:\/\/teszt.hoteldelibab.hu\/en\/portfolio-category\/wellness-csomagok-hajdoszoboszlo\/\">Wellness<\/a>\n\t\t\t\t\t<\/div>\n\t\n\t\t\t\t<p itemprop=\"description\" class=\"mkdf-pli-excerpt\">The two of you. Beyond time. A holiday for two works best when there is no rush. This package is for those who want to enjoy a simple, relaxing break together. The focus is on the time spent together, in a calm and comfortable environment.  \r\n\r\n           \r\n<\/p>\n\t\t<\/div>\n\t<\/div>\n<\/div>\t\t\n\t\t<a itemprop=\"url\" class=\"mkdf-pli-link mkdf-block-drag-link\" href=\"\/en\/csomagajanlatok\/romantikus-paros-wellness\/\" target=\"_blank\"><\/a>\n\t<\/div>\n<\/article><article class=\"mkdf-pl-item  post-30148 portfolio-item type-portfolio-item status-publish has-post-thumbnail hentry portfolio-category-easter-hajduszoboszlo portfolio-category-tavasz_spring portfolio-category-holiday-packages-hajduszoboszlo portfolio-tag-classic-room portfolio-tag-suites-hotel-delibab\">\n\t<div class=\"mkdf-pl-item-inner\">\n\t\t<div class=\"mkdf-pli-image\">\n\t\t\t<img loading=\"lazy\" decoding=\"async\" width=\"1000\" height=\"563\" src=\"https:\/\/teszt.hoteldelibab.hu\/wp-content\/uploads\/2026\/01\/HotelDelibabHajduszoboszlo_Husvet2026_1000x563.jpg\" class=\"attachment-full size-full wp-post-image\" alt=\"H\u00fasv\u00e9t \u25cf Easter \u25cf Hotel D\u00e9ib\u00e1b Hajd\u00faszoboszl\u00f3\" srcset=\"https:\/\/teszt.hoteldelibab.hu\/wp-content\/uploads\/2026\/01\/HotelDelibabHajduszoboszlo_Husvet2026_1000x563.jpg 1000w, https:\/\/teszt.hoteldelibab.hu\/wp-content\/uploads\/2026\/01\/HotelDelibabHajduszoboszlo_Husvet2026_1000x563-600x338.jpg 600w, https:\/\/teszt.hoteldelibab.hu\/wp-content\/uploads\/2026\/01\/HotelDelibabHajduszoboszlo_Husvet2026_1000x563-768x432.jpg 768w\" sizes=\"auto, (max-width: 1000px) 100vw, 1000px\" \/>\t<\/div>\n<div class=\"mkdf-pli-text-holder\">\n\t<div class=\"mkdf-pli-text-wrapper\">\n\t\t<div class=\"mkdf-pli-text\">\n\t\t\t\t<h3 itemprop=\"name\" class=\"mkdf-pli-title entry-title\" style=\"text-transform: uppercase\">\n\t\tD\u00e9lib\u00e1b EASTER\t<\/h3>\n\n\t\t\t\t\t<div class=\"mkdf-pli-category-holder\">\n\t\t\t\t\t\t\t<a itemprop=\"url\" class=\"mkdf-pli-category\" href=\"https:\/\/teszt.hoteldelibab.hu\/en\/portfolio-category\/easter-hajduszoboszlo\/\">Easter<\/a>\n\t\t\t\t\t\t\t<a itemprop=\"url\" class=\"mkdf-pli-category\" href=\"https:\/\/teszt.hoteldelibab.hu\/en\/portfolio-category\/tavasz_spring\/\">Spring<\/a>\n\t\t\t\t\t\t\t<a itemprop=\"url\" class=\"mkdf-pli-category\" href=\"https:\/\/teszt.hoteldelibab.hu\/en\/portfolio-category\/holiday-packages-hajduszoboszlo\/\">Holiday<\/a>\n\t\t\t\t\t<\/div>\n\t\n\t\t\t\t<p itemprop=\"description\" class=\"mkdf-pli-excerpt\">Here, Easter is about slowing down. Breakfast with champagne, serene wellness moments and sauna experiences help the adults unwind, while kids get their own fun and playtime. A holiday to return from well rested and recharged.<\/p>\n\t\t<\/div>\n\t<\/div>\n<\/div>\t\t\n\t\t<a itemprop=\"url\" class=\"mkdf-pli-link mkdf-block-drag-link\" href=\"https:\/\/teszt.hoteldelibab.hu\/en\/csomagajanlatok\/delibab-husvet\/\" target=\"_blank\"><\/a>\n\t<\/div>\n<\/article><article class=\"mkdf-pl-item  post-30069 portfolio-item type-portfolio-item status-publish has-post-thumbnail hentry portfolio-category-tavasz_spring portfolio-category-wellness-csomagok-hajdoszoboszlo portfolio-tag-classic-room portfolio-tag-suites-hotel-delibab\">\n\t<div class=\"mkdf-pl-item-inner\">\n\t\t<div class=\"mkdf-pli-image\">\n\t\t\t<img loading=\"lazy\" decoding=\"async\" width=\"1000\" height=\"563\" src=\"https:\/\/teszt.hoteldelibab.hu\/wp-content\/uploads\/2026\/01\/TavasziWellness_HotelDelibabHajduszoboszlo_1000x563.jpg\" class=\"attachment-full size-full wp-post-image\" alt=\"Tavaszi Wellness Pihen\u00e9s \u25cf Spring Wellness \u25cf Hotel D\u00e9lib\u00e1b Hajd\u00faszoboszl\u00f3\" srcset=\"https:\/\/teszt.hoteldelibab.hu\/wp-content\/uploads\/2026\/01\/TavasziWellness_HotelDelibabHajduszoboszlo_1000x563.jpg 1000w, https:\/\/teszt.hoteldelibab.hu\/wp-content\/uploads\/2026\/01\/TavasziWellness_HotelDelibabHajduszoboszlo_1000x563-600x338.jpg 600w, https:\/\/teszt.hoteldelibab.hu\/wp-content\/uploads\/2026\/01\/TavasziWellness_HotelDelibabHajduszoboszlo_1000x563-768x432.jpg 768w\" sizes=\"auto, (max-width: 1000px) 100vw, 1000px\" \/>\t<\/div>\n<div class=\"mkdf-pli-text-holder\">\n\t<div class=\"mkdf-pli-text-wrapper\">\n\t\t<div class=\"mkdf-pli-text\">\n\t\t\t\t<h3 itemprop=\"name\" class=\"mkdf-pli-title entry-title\" style=\"text-transform: uppercase\">\n\t\tD\u00e9lib\u00e1b SPRING RELAX\t<\/h3>\n\n\t\t\t\t\t<div class=\"mkdf-pli-category-holder\">\n\t\t\t\t\t\t\t<a itemprop=\"url\" class=\"mkdf-pli-category\" href=\"https:\/\/teszt.hoteldelibab.hu\/en\/portfolio-category\/tavasz_spring\/\">Spring<\/a>\n\t\t\t\t\t\t\t<a itemprop=\"url\" class=\"mkdf-pli-category\" href=\"https:\/\/teszt.hoteldelibab.hu\/en\/portfolio-category\/wellness-csomagok-hajdoszoboszlo\/\">Wellness<\/a>\n\t\t\t\t\t<\/div>\n\t\n\t\t\t\t<p itemprop=\"description\" class=\"mkdf-pli-excerpt\">Spring is the time for a slow comeback. Warmer water, calm moments, comfortable spaces. The rhythm of wellness help you let go of the winter exhaustion and get away from everyday stress. A wellness experience to guide you back to balance.\r\n<\/p>\n\t\t<\/div>\n\t<\/div>\n<\/div>\t\t\n\t\t<a itemprop=\"url\" class=\"mkdf-pli-link mkdf-block-drag-link\" href=\"https:\/\/teszt.hoteldelibab.hu\/en\/csomagajanlatok\/tavaszi-wellness\/\" target=\"_blank\"><\/a>\n\t<\/div>\n<\/article><article class=\"mkdf-pl-item  post-28378 portfolio-item type-portfolio-item status-publish has-post-thumbnail hentry portfolio-category-tavasz_spring portfolio-category-winter-hajduszoboszlo portfolio-category-wellness-csomagok-hajdoszoboszlo portfolio-tag-classic-room\">\n\t<div class=\"mkdf-pl-item-inner\">\n\t\t<div class=\"mkdf-pli-image\">\n\t\t\t<img loading=\"lazy\" decoding=\"async\" width=\"1000\" height=\"563\" src=\"https:\/\/teszt.hoteldelibab.hu\/wp-content\/uploads\/2024\/08\/NYUGDIJAS-csomag_HotelDelibabHajduszoboszlo_1000x563.jpg\" class=\"attachment-full size-full wp-post-image\" alt=\"55+ Wellness \u00e9s nyugd\u00edjas csomag Hajd\u00faszoboszl\u00f3 - Hotel D\u00e9lib\u00e1b Hajd\u00faszoboszl\u00f3\" srcset=\"https:\/\/teszt.hoteldelibab.hu\/wp-content\/uploads\/2024\/08\/NYUGDIJAS-csomag_HotelDelibabHajduszoboszlo_1000x563.jpg 1000w, https:\/\/teszt.hoteldelibab.hu\/wp-content\/uploads\/2024\/08\/NYUGDIJAS-csomag_HotelDelibabHajduszoboszlo_1000x563-600x338.jpg 600w, https:\/\/teszt.hoteldelibab.hu\/wp-content\/uploads\/2024\/08\/NYUGDIJAS-csomag_HotelDelibabHajduszoboszlo_1000x563-768x432.jpg 768w\" sizes=\"auto, (max-width: 1000px) 100vw, 1000px\" \/>\t<\/div>\n<div class=\"mkdf-pli-text-holder\">\n\t<div class=\"mkdf-pli-text-wrapper\">\n\t\t<div class=\"mkdf-pli-text\">\n\t\t\t\t<h3 itemprop=\"name\" class=\"mkdf-pli-title entry-title\" style=\"text-transform: uppercase\">\n\t\tD\u00e9lib\u00e1b 55+ WELLNESS\t<\/h3>\n\n\t\t\t\t\t<div class=\"mkdf-pli-category-holder\">\n\t\t\t\t\t\t\t<a itemprop=\"url\" class=\"mkdf-pli-category\" href=\"https:\/\/teszt.hoteldelibab.hu\/en\/portfolio-category\/tavasz_spring\/\">Spring<\/a>\n\t\t\t\t\t\t\t<a itemprop=\"url\" class=\"mkdf-pli-category\" href=\"https:\/\/teszt.hoteldelibab.hu\/en\/portfolio-category\/winter-hajduszoboszlo\/\">Winter<\/a>\n\t\t\t\t\t\t\t<a itemprop=\"url\" class=\"mkdf-pli-category\" href=\"https:\/\/teszt.hoteldelibab.hu\/en\/portfolio-category\/wellness-csomagok-hajdoszoboszlo\/\">Wellness<\/a>\n\t\t\t\t\t<\/div>\n\t\n\t\t\t\t<p itemprop=\"description\" class=\"mkdf-pli-excerpt\">A pleasant getaway that has its time and place. Our senior package is based on the beneficial effects of medicinal water, comfortable half-board accommodation and carefree rest \u2013 because relaxation is not a matter of age, but simply a good decision.<\/p>\n\t\t<\/div>\n\t<\/div>\n<\/div>\t\t\n\t\t<a itemprop=\"url\" class=\"mkdf-pli-link mkdf-block-drag-link\" href=\"\/en\/csomagajanlatok\/\/csomagajanlatok\/delibab-55-wellness\/\" target=\"_blank\"><\/a>\n\t<\/div>\n<\/article><article class=\"mkdf-pl-item  post-29804 portfolio-item type-portfolio-item status-publish has-post-thumbnail hentry portfolio-category-medical-cures-hajduszoboszlo portfolio-category-tavasz_spring portfolio-category-winter-hajduszoboszlo portfolio-tag-classic-room portfolio-tag-suites-hotel-delibab\">\n\t<div class=\"mkdf-pl-item-inner\">\n\t\t<div class=\"mkdf-pli-image\">\n\t\t\t<img loading=\"lazy\" decoding=\"async\" width=\"1000\" height=\"563\" src=\"https:\/\/teszt.hoteldelibab.hu\/wp-content\/uploads\/2024\/10\/MEDICLINIC_VITAL_CSOMAG_1000X563.jpg\" class=\"attachment-full size-full wp-post-image\" alt=\"Szakorvosi konzult\u00e1ci\u00f3 \u00e9s gy\u00f3gyvizes medence a Hotel D\u00e9lib\u00e1bban \u2013 VITAL START gy\u00f3gykezel\u00e9scsomag Hajd\u00faszoboszl\u00f3\" srcset=\"https:\/\/teszt.hoteldelibab.hu\/wp-content\/uploads\/2024\/10\/MEDICLINIC_VITAL_CSOMAG_1000X563.jpg 1000w, https:\/\/teszt.hoteldelibab.hu\/wp-content\/uploads\/2024\/10\/MEDICLINIC_VITAL_CSOMAG_1000X563-600x338.jpg 600w, https:\/\/teszt.hoteldelibab.hu\/wp-content\/uploads\/2024\/10\/MEDICLINIC_VITAL_CSOMAG_1000X563-768x432.jpg 768w\" sizes=\"auto, (max-width: 1000px) 100vw, 1000px\" \/>\t<\/div>\n<div class=\"mkdf-pli-text-holder\">\n\t<div class=\"mkdf-pli-text-wrapper\">\n\t\t<div class=\"mkdf-pli-text\">\n\t\t\t\t<h3 itemprop=\"name\" class=\"mkdf-pli-title entry-title\" style=\"text-transform: uppercase\">\n\t\tD\u00e9lib\u00e1b VITAL\t<\/h3>\n\n\t\t\t\t\t<div class=\"mkdf-pli-category-holder\">\n\t\t\t\t\t\t\t<a itemprop=\"url\" class=\"mkdf-pli-category\" href=\"https:\/\/teszt.hoteldelibab.hu\/en\/portfolio-category\/medical-cures-hajduszoboszlo\/\">Health<\/a>\n\t\t\t\t\t\t\t<a itemprop=\"url\" class=\"mkdf-pli-category\" href=\"https:\/\/teszt.hoteldelibab.hu\/en\/portfolio-category\/tavasz_spring\/\">Spring<\/a>\n\t\t\t\t\t\t\t<a itemprop=\"url\" class=\"mkdf-pli-category\" href=\"https:\/\/teszt.hoteldelibab.hu\/en\/portfolio-category\/winter-hajduszoboszlo\/\">Winter<\/a>\n\t\t\t\t\t<\/div>\n\t\n\t\t\t\t<p itemprop=\"description\" class=\"mkdf-pli-excerpt\">A short, targeted treatment program for those who want to combine their relaxation with real support. The D\u00e9lib\u00e1b Vital package can be booked for 2\u20135 nights on weekdays and includes a consultation with a specialist and two personalized treatments per day at the hotel's own medical department.<\/p>\n\t\t<\/div>\n\t<\/div>\n<\/div>\t\t\n\t\t<a itemprop=\"url\" class=\"mkdf-pli-link mkdf-block-drag-link\" href=\"https:\/\/teszt.hoteldelibab.hu\/en\/csomagajanlatok\/delibab-vital-gyogykezelescsomag\/\" target=\"_blank\"><\/a>\n\t<\/div>\n<\/article>\t<\/div>\n\t\n\t<\/div><\/div><\/div><\/div><\/div><div class=\"vc_row wpb_row vc_row-fluid vc_column-gap-35\" ><div class=\"wpb_column vc_column_container vc_col-sm-12\"><div class=\"vc_column-inner\"><div class=\"wpb_wrapper\"><div class=\"vc_separator wpb_content_element vc_separator_align_center vc_sep_width_100 vc_sep_pos_align_center vc_separator_no_text vc_custom_1576491277576 wpb_content_element  vc_custom_1576491277576 wpb_content_element\" ><span class=\"vc_sep_holder vc_sep_holder_l\"><span style=\"border-color:#a49383;\" class=\"vc_sep_line\"><\/span><\/span><span class=\"vc_sep_holder vc_sep_holder_r\"><span style=\"border-color:#a49383;\" class=\"vc_sep_line\"><\/span><\/span>\n<\/div><\/div><\/div><\/div><\/div><div data-vc-full-width=\"true\" data-vc-full-width-init=\"false\" class=\"vc_row wpb_row vc_row-fluid vc_custom_1587800348261 vc_row-has-fill vc_row-o-content-top vc_row-flex\" style=\"background-color:#555555\"><div class=\"wpb_column vc_column_container vc_col-sm-3\"><div class=\"vc_column-inner\"><div class=\"wpb_wrapper\"><\/div><\/div><\/div><div class=\"wpb_column vc_column_container vc_col-sm-6\"><div class=\"vc_column-inner\"><div class=\"wpb_wrapper\"><div class=\"vc_tta-container\" data-vc-action=\"collapseAll\"><div class=\"vc_general vc_tta vc_tta-accordion vc_tta-color-chino vc_tta-style-classic vc_tta-shape-square vc_tta-o-shape-group vc_tta-controls-align-center vc_tta-o-no-fill vc_tta-o-all-clickable vc_custom_1583929257131\"><div class=\"vc_tta-panels-container\"><div class=\"vc_tta-panels\"><div class=\"vc_tta-panel\" id=\"1583926886641-f95a8218-4408\" data-vc-content=\".vc_tta-panel-body\"><div class=\"vc_tta-panel-heading\"><h4 class=\"vc_tta-panel-title vc_tta-controls-icon-position-left\"><a href=\"#1583926886641-f95a8218-4408\" data-vc-accordion data-vc-container=\".vc_tta-container\"><span class=\"vc_tta-title-text\">SUBSCRIBE TO OUR NEWSLETTER<\/span><i class=\"vc_tta-controls-icon vc_tta-controls-icon-triangle\"><\/i><\/a><\/h4><\/div><div class=\"vc_tta-panel-body\">\n\t<div class=\"wpb_raw_code wpb_raw_html wpb_content_element\" >\n\t\t<div class=\"wpb_wrapper\">\n\t\t\t                <div class=\"ml-embedded\" data-form=\"PZDCwX\"><\/div>\n            \n\t\t<\/div>\n\t<\/div>\n<\/div><\/div><\/div><\/div><\/div><\/div><\/div><\/div><\/div><div class=\"wpb_column vc_column_container vc_col-sm-3 vc_hidden-xs\"><div class=\"vc_column-inner\"><div class=\"wpb_wrapper\"><\/div><\/div><\/div><\/div><div class=\"vc_row-full-width vc_clearfix\"><\/div><div data-vc-full-width=\"true\" data-vc-full-width-init=\"false\" data-vc-stretch-content=\"true\" class=\"vc_row wpb_row vc_row-fluid vc_custom_1587800499717 vc_row-no-padding vc_row-o-equal-height vc_row-flex\" ><div class=\"wpb_column vc_column_container vc_col-sm-12\"><div class=\"vc_column-inner vc_custom_1667737902724\"><div class=\"wpb_wrapper\"><div  class=\"wpb_widgetised_column wpb_content_element\">\n\t\t<div class=\"wpb_wrapper\">\n\t\t\t\n\t\t\t<div class=\"widget_text widget widget_custom_html\"><div class=\"textwidget custom-html-widget\"><iframe src=\"https:\/\/www.google.com\/maps\/embed?pb=!1m18!1m12!1m3!1d2698.024179487201!2d21.395308815879872!3d47.45046810674325!2m3!1f0!2f0!3f0!3m2!1i1024!2i768!4f13.1!3m3!1m2!1s0x4747197c7dbfa419%3A0xa05f57e4146f300c!2zSG90ZWwgRMOpbGliw6Fi!5e0!3m2!1shu!2shu!4v1667732845164!5m2!1shu!2shu\" width=\"100%\" height=\"450\" style=\"border:0; filter:saturate(0%);\" allowfullscreen=\"\" loading=\"lazy\" referrerpolicy=\"no-referrer-when-downgrade\"><\/iframe>\r\n<\/div><\/div>\n\t\t<\/div>\n\t<\/div>\n<\/div><\/div><\/div><\/div><div class=\"vc_row-full-width vc_clearfix\"><\/div>\n<\/div>","protected":false},"excerpt":{"rendered":"","protected":false},"author":5,"featured_media":26960,"parent":0,"menu_order":0,"comment_status":"closed","ping_status":"closed","template":"","meta":{"_acf_changed":false,"inline_featured_image":false,"footnotes":""},"class_list":["post-16695","page","type-page","status-publish","has-post-thumbnail","hentry"],"acf":[],"_links":{"self":[{"href":"https:\/\/teszt.hoteldelibab.hu\/en\/wp-json\/wp\/v2\/pages\/16695","targetHints":{"allow":["GET"]}}],"collection":[{"href":"https:\/\/teszt.hoteldelibab.hu\/en\/wp-json\/wp\/v2\/pages"}],"about":[{"href":"https:\/\/teszt.hoteldelibab.hu\/en\/wp-json\/wp\/v2\/types\/page"}],"author":[{"embeddable":true,"href":"https:\/\/teszt.hoteldelibab.hu\/en\/wp-json\/wp\/v2\/users\/5"}],"replies":[{"embeddable":true,"href":"https:\/\/teszt.hoteldelibab.hu\/en\/wp-json\/wp\/v2\/comments?post=16695"}],"version-history":[{"count":4,"href":"https:\/\/teszt.hoteldelibab.hu\/en\/wp-json\/wp\/v2\/pages\/16695\/revisions"}],"predecessor-version":[{"id":32747,"href":"https:\/\/teszt.hoteldelibab.hu\/en\/wp-json\/wp\/v2\/pages\/16695\/revisions\/32747"}],"wp:featuredmedia":[{"embeddable":true,"href":"https:\/\/teszt.hoteldelibab.hu\/en\/wp-json\/wp\/v2\/media\/26960"}],"wp:attachment":[{"href":"https:\/\/teszt.hoteldelibab.hu\/en\/wp-json\/wp\/v2\/media?parent=16695"}],"curies":[{"name":"wp","href":"https:\/\/api.w.org\/{rel}","templated":true}]}}