{"id":17667,"date":"2018-09-06T09:45:21","date_gmt":"2018-09-06T09:45:21","guid":{"rendered":"https:\/\/teszt.hoteldelibab.hu\/csomag-ajanlatok-akciok-2\/"},"modified":"2026-03-10T18:18:20","modified_gmt":"2026-03-10T17:18:20","slug":"szobak-lakosztalyok","status":"publish","type":"page","link":"https:\/\/teszt.hoteldelibab.hu\/en\/szobak-lakosztalyok\/","title":{"rendered":"Rooms and suites"},"content":{"rendered":"<div class=\"wpb-content-wrapper\"><div class=\"vc_row wpb_row vc_row-fluid\" ><div class=\"wpb_column vc_column_container vc_col-sm-12\"><div class=\"vc_column-inner\"><div class=\"wpb_wrapper\"><div class=\"mkdf-section-title-holder  mkdf-st-standard  mkdf-st-title-left mkdf-st-normal-space\" >\n\t<div class=\"mkdf-st-inner\">\n\t\t\t\t\t\t\t<h2 class=\"mkdf-st-title\" >\n\t\t\t\tRooms and suites\t\t\t\t\t\t\t<\/h2>\n\t\t\t\t\t\t\t<\/div>\n<\/div><div class=\"vc_separator wpb_content_element vc_separator_align_center vc_sep_width_100 vc_sep_pos_align_center vc_separator_no_text vc_custom_1768473650597 wpb_content_element  vc_custom_1768473650597 wpb_content_element\" ><span class=\"vc_sep_holder vc_sep_holder_l\"><span style=\"border-color:#a49383;\" class=\"vc_sep_line\"><\/span><\/span><span class=\"vc_sep_holder vc_sep_holder_r\"><span style=\"border-color:#a49383;\" class=\"vc_sep_line\"><\/span><\/span>\n<\/div><\/div><\/div><\/div><\/div><div class=\"vc_row wpb_row vc_row-fluid vc_row-o-equal-height vc_row-flex\" ><div class=\"wpb_column vc_column_container vc_col-sm-12\"><div class=\"vc_column-inner\"><div class=\"wpb_wrapper\"><div class=\"mkdf-portfolio-list-holder mkdf-pl-gallery mkdf-small-space mkdf-pl-three-columns mkdf-pl-standard-shader  mkdf-pl-has-shadow  mkdf-pl-pag-no-pagination mkdf-pl-has-filter\"  data-type=\"gallery\" data-number-of-columns=\"3\" data-space-between-items=\"small\" data-number-of-items=\"-1\" data-image-proportions=\"full\" data-enable-fixed-proportions=\"no\" data-enable-image-shadow=\"yes\" data-category=\"room-types-hotel-delibab-hajduszoboszlo\" data-order-by=\"menu_order\" data-order=\"DESC\" data-item-style=\"standard-shader\" data-enable-title=\"yes\" data-title-tag=\"p\" data-enable-category=\"no\" data-enable-count-images=\"yes\" data-enable-excerpt=\"no\" data-excerpt-length=\"20\" data-pagination-type=\"no-pagination\" data-filter=\"yes\" data-filter-order-by=\"name\" data-enable-article-animation=\"no\" data-portfolio-slider-on=\"no\" data-enable-loop=\"yes\" data-enable-autoplay=\"yes\" data-slider-speed=\"5000\" data-slider-speed-animation=\"600\" data-enable-navigation=\"yes\" data-enable-pagination=\"yes\" data-max-num-pages=\"0\" data-next-page=\"2\">\n\t\t<div class=\"mkdf-pl-filter-holder\" >\n\t\t<div class=\"mkdf-plf-inner\">\n\t\t\t\t\t\t\t<ul >\n\t\t\t\t\t<li class=\"mkdf-pl-filter\" data-filter=\"\">\n\t\t\t\t\t\t<span>Show all<\/span>\n\t\t\t\t\t<\/li>\n\t\t\t\t\t\t\t\t\t\t\t<li class=\"mkdf-pl-filter\" data-filter=\".portfolio-category-classic\">\n\t\t\t\t\t\t\t<span>Classic<\/span>\n\t\t\t\t\t\t<\/li>\n\t\t\t\t\t\t\t\t\t\t\t<li class=\"mkdf-pl-filter\" data-filter=\".portfolio-category-classic-erkelyes\">\n\t\t\t\t\t\t\t<span>Classic with balcony<\/span>\n\t\t\t\t\t\t<\/li>\n\t\t\t\t\t\t\t\t\t\t\t<li class=\"mkdf-pl-filter\" data-filter=\".portfolio-category-lakosztalyok-hotel-delibab\">\n\t\t\t\t\t\t\t<span>Suite<\/span>\n\t\t\t\t\t\t<\/li>\n\t\t\t\t\t\t\t\t\t<\/ul>\n\t\t\t\t\t<\/div>\n\t<\/div>\n\t\n\t<div class=\"mkdf-pl-inner  clearfix\">\n\t\t<article class=\"mkdf-pl-item  post-18811 portfolio-item type-portfolio-item status-publish has-post-thumbnail hentry portfolio-category-classic\">\n\t<div class=\"mkdf-pl-item-inner\">\n\t\t<div class=\"mkdf-pli-image\">\n\t\t\t<img loading=\"lazy\" decoding=\"async\" width=\"1238\" height=\"825\" src=\"https:\/\/teszt.hoteldelibab.hu\/wp-content\/uploads\/2019\/12\/classic-szoba-l.jpg\" class=\"attachment-full size-full wp-post-image\" alt=\"\" srcset=\"https:\/\/teszt.hoteldelibab.hu\/wp-content\/uploads\/2019\/12\/classic-szoba-l.jpg 1238w, https:\/\/teszt.hoteldelibab.hu\/wp-content\/uploads\/2019\/12\/classic-szoba-l-600x400.jpg 600w, https:\/\/teszt.hoteldelibab.hu\/wp-content\/uploads\/2019\/12\/classic-szoba-l-1024x682.jpg 1024w, https:\/\/teszt.hoteldelibab.hu\/wp-content\/uploads\/2019\/12\/classic-szoba-l-150x100.jpg 150w, https:\/\/teszt.hoteldelibab.hu\/wp-content\/uploads\/2019\/12\/classic-szoba-l-768x512.jpg 768w, https:\/\/teszt.hoteldelibab.hu\/wp-content\/uploads\/2019\/12\/classic-szoba-l-20x13.jpg 20w\" sizes=\"auto, (max-width: 1238px) 100vw, 1238px\" \/>\t<\/div>\n<div class=\"mkdf-pli-text-holder\">\n\t<div class=\"mkdf-pli-text-wrapper\">\n\t\t<div class=\"mkdf-pli-text\">\n\t\t\t\t<p itemprop=\"name\" class=\"mkdf-pli-title entry-title\" >\n\t\tClassic szoba\t<\/p>\n\n\t\t\t\n\t\t\t\t\t<\/div>\n\t<\/div>\n<\/div>\t\t\n\t\t<a itemprop=\"url\" class=\"mkdf-pli-link mkdf-block-drag-link\" href=\"https:\/\/teszt.hoteldelibab.hu\/en\/szobak-lakosztalyok\/classic-szoba\/\" target=\"_blank\"><\/a>\n\t<\/div>\n<\/article><article class=\"mkdf-pl-item  post-32005 portfolio-item type-portfolio-item status-publish has-post-thumbnail hentry portfolio-category-classic\">\n\t<div class=\"mkdf-pl-item-inner\">\n\t\t<div class=\"mkdf-pli-image\">\n\t\t\t<img loading=\"lazy\" decoding=\"async\" width=\"1238\" height=\"825\" src=\"https:\/\/teszt.hoteldelibab.hu\/wp-content\/uploads\/2026\/01\/ClassicOsszenyitottSzoba_HotelDelibabHajduszoboszlo.jpg\" class=\"attachment-full size-full wp-post-image\" alt=\"\u00d6sszenyitott Classic szoba - Hotel D\u00e9lib\u00e1b Hajd\u00faszoboszl\u00f3\" srcset=\"https:\/\/teszt.hoteldelibab.hu\/wp-content\/uploads\/2026\/01\/ClassicOsszenyitottSzoba_HotelDelibabHajduszoboszlo.jpg 1238w, https:\/\/teszt.hoteldelibab.hu\/wp-content\/uploads\/2026\/01\/ClassicOsszenyitottSzoba_HotelDelibabHajduszoboszlo-600x400.jpg 600w, https:\/\/teszt.hoteldelibab.hu\/wp-content\/uploads\/2026\/01\/ClassicOsszenyitottSzoba_HotelDelibabHajduszoboszlo-1024x682.jpg 1024w, https:\/\/teszt.hoteldelibab.hu\/wp-content\/uploads\/2026\/01\/ClassicOsszenyitottSzoba_HotelDelibabHajduszoboszlo-768x512.jpg 768w\" sizes=\"auto, (max-width: 1238px) 100vw, 1238px\" \/>\t<\/div>\n<div class=\"mkdf-pli-text-holder\">\n\t<div class=\"mkdf-pli-text-wrapper\">\n\t\t<div class=\"mkdf-pli-text\">\n\t\t\t\t<p itemprop=\"name\" class=\"mkdf-pli-title entry-title\" >\n\t\tClassic \u00f6sszenyitott\t<\/p>\n\n\t\t\t\n\t\t\t\t\t<\/div>\n\t<\/div>\n<\/div>\t\t\n\t\t<a itemprop=\"url\" class=\"mkdf-pli-link mkdf-block-drag-link\" href=\"https:\/\/teszt.hoteldelibab.hu\/en\/szobak-lakosztalyok\/classic-osszenyitott-szoba\/\" target=\"_blank\"><\/a>\n\t<\/div>\n<\/article><article class=\"mkdf-pl-item  post-18814 portfolio-item type-portfolio-item status-publish has-post-thumbnail hentry portfolio-category-classic-erkelyes\">\n\t<div class=\"mkdf-pl-item-inner\">\n\t\t<div class=\"mkdf-pli-image\">\n\t\t\t<img loading=\"lazy\" decoding=\"async\" width=\"1238\" height=\"825\" src=\"https:\/\/teszt.hoteldelibab.hu\/wp-content\/uploads\/2019\/07\/SIM9449.jpg\" class=\"attachment-full size-full wp-post-image\" alt=\"Classic-erkelyes-szoba-agy-HotelDelibab\" srcset=\"https:\/\/teszt.hoteldelibab.hu\/wp-content\/uploads\/2019\/07\/SIM9449.jpg 1238w, https:\/\/teszt.hoteldelibab.hu\/wp-content\/uploads\/2019\/07\/SIM9449-600x400.jpg 600w, https:\/\/teszt.hoteldelibab.hu\/wp-content\/uploads\/2019\/07\/SIM9449-1024x682.jpg 1024w, https:\/\/teszt.hoteldelibab.hu\/wp-content\/uploads\/2019\/07\/SIM9449-150x100.jpg 150w, https:\/\/teszt.hoteldelibab.hu\/wp-content\/uploads\/2019\/07\/SIM9449-768x512.jpg 768w, https:\/\/teszt.hoteldelibab.hu\/wp-content\/uploads\/2019\/07\/SIM9449-20x13.jpg 20w\" sizes=\"auto, (max-width: 1238px) 100vw, 1238px\" \/>\t<\/div>\n<div class=\"mkdf-pli-text-holder\">\n\t<div class=\"mkdf-pli-text-wrapper\">\n\t\t<div class=\"mkdf-pli-text\">\n\t\t\t\t<p itemprop=\"name\" class=\"mkdf-pli-title entry-title\" >\n\t\tClassic with balcony\t<\/p>\n\n\t\t\t\n\t\t\t\t\t<\/div>\n\t<\/div>\n<\/div>\t\t\n\t\t<a itemprop=\"url\" class=\"mkdf-pli-link mkdf-block-drag-link\" href=\"https:\/\/teszt.hoteldelibab.hu\/en\/szobak-lakosztalyok\/classic-erkelyes-szoba\/\" target=\"_blank\"><\/a>\n\t<\/div>\n<\/article><article class=\"mkdf-pl-item  post-18823 portfolio-item type-portfolio-item status-publish has-post-thumbnail hentry portfolio-category-classic-erkelyes\">\n\t<div class=\"mkdf-pl-item-inner\">\n\t\t<div class=\"mkdf-pli-image\">\n\t\t\t<img loading=\"lazy\" decoding=\"async\" width=\"1362\" height=\"905\" src=\"https:\/\/teszt.hoteldelibab.hu\/wp-content\/uploads\/2019\/07\/SIM7064-1-e1620027460682.jpg\" class=\"attachment-full size-full wp-post-image\" alt=\"Classic-balcony-family\" srcset=\"https:\/\/teszt.hoteldelibab.hu\/wp-content\/uploads\/2019\/07\/SIM7064-1-e1620027460682.jpg 1362w, https:\/\/teszt.hoteldelibab.hu\/wp-content\/uploads\/2019\/07\/SIM7064-1-e1620027460682-600x399.jpg 600w, https:\/\/teszt.hoteldelibab.hu\/wp-content\/uploads\/2019\/07\/SIM7064-1-e1620027460682-1024x680.jpg 1024w, https:\/\/teszt.hoteldelibab.hu\/wp-content\/uploads\/2019\/07\/SIM7064-1-e1620027460682-150x100.jpg 150w, https:\/\/teszt.hoteldelibab.hu\/wp-content\/uploads\/2019\/07\/SIM7064-1-e1620027460682-768x510.jpg 768w\" sizes=\"auto, (max-width: 1362px) 100vw, 1362px\" \/>\t<\/div>\n<div class=\"mkdf-pli-text-holder\">\n\t<div class=\"mkdf-pli-text-wrapper\">\n\t\t<div class=\"mkdf-pli-text\">\n\t\t\t\t<p itemprop=\"name\" class=\"mkdf-pli-title entry-title\" >\n\t\t\u00d6sszenyitott erk\u00e9lyes\t<\/p>\n\n\t\t\t\n\t\t\t\t\t<\/div>\n\t<\/div>\n<\/div>\t\t\n\t\t<a itemprop=\"url\" class=\"mkdf-pli-link mkdf-block-drag-link\" href=\"https:\/\/teszt.hoteldelibab.hu\/en\/szobak-lakosztalyok\/osszenyitott-csaladi-szoba\/\" target=\"_blank\"><\/a>\n\t<\/div>\n<\/article><article class=\"mkdf-pl-item  post-18837 portfolio-item type-portfolio-item status-publish has-post-thumbnail hentry portfolio-category-lakosztalyok-hotel-delibab\">\n\t<div class=\"mkdf-pl-item-inner\">\n\t\t<div class=\"mkdf-pli-image\">\n\t\t\t<img loading=\"lazy\" decoding=\"async\" width=\"1238\" height=\"825\" src=\"https:\/\/teszt.hoteldelibab.hu\/wp-content\/uploads\/2019\/07\/SIM9379.jpg\" class=\"attachment-full size-full wp-post-image\" alt=\"Junior-suit-lakosztaly-HotelDelibab\" srcset=\"https:\/\/teszt.hoteldelibab.hu\/wp-content\/uploads\/2019\/07\/SIM9379.jpg 1238w, https:\/\/teszt.hoteldelibab.hu\/wp-content\/uploads\/2019\/07\/SIM9379-600x400.jpg 600w, https:\/\/teszt.hoteldelibab.hu\/wp-content\/uploads\/2019\/07\/SIM9379-1024x682.jpg 1024w, https:\/\/teszt.hoteldelibab.hu\/wp-content\/uploads\/2019\/07\/SIM9379-150x100.jpg 150w, https:\/\/teszt.hoteldelibab.hu\/wp-content\/uploads\/2019\/07\/SIM9379-768x512.jpg 768w, https:\/\/teszt.hoteldelibab.hu\/wp-content\/uploads\/2019\/07\/SIM9379-20x13.jpg 20w\" sizes=\"auto, (max-width: 1238px) 100vw, 1238px\" \/>\t<\/div>\n<div class=\"mkdf-pli-text-holder\">\n\t<div class=\"mkdf-pli-text-wrapper\">\n\t\t<div class=\"mkdf-pli-text\">\n\t\t\t\t<p itemprop=\"name\" class=\"mkdf-pli-title entry-title\" >\n\t\tJunior Suite\t<\/p>\n\n\t\t\t\n\t\t\t\t\t<\/div>\n\t<\/div>\n<\/div>\t\t\n\t\t<a itemprop=\"url\" class=\"mkdf-pli-link mkdf-block-drag-link\" href=\"https:\/\/teszt.hoteldelibab.hu\/en\/szobak-lakosztalyok\/junior-lakosztaly\/\" target=\"_blank\"><\/a>\n\t<\/div>\n<\/article><article class=\"mkdf-pl-item  post-18845 portfolio-item type-portfolio-item status-publish has-post-thumbnail hentry portfolio-category-lakosztalyok-hotel-delibab\">\n\t<div class=\"mkdf-pl-item-inner\">\n\t\t<div class=\"mkdf-pli-image\">\n\t\t\t<img loading=\"lazy\" decoding=\"async\" width=\"1238\" height=\"825\" src=\"https:\/\/teszt.hoteldelibab.hu\/wp-content\/uploads\/2019\/07\/SIM9413.jpg\" class=\"attachment-full size-full wp-post-image\" alt=\"Pearl-suit-lakosztaly-HotelDelibab\" srcset=\"https:\/\/teszt.hoteldelibab.hu\/wp-content\/uploads\/2019\/07\/SIM9413.jpg 1238w, https:\/\/teszt.hoteldelibab.hu\/wp-content\/uploads\/2019\/07\/SIM9413-600x400.jpg 600w, https:\/\/teszt.hoteldelibab.hu\/wp-content\/uploads\/2019\/07\/SIM9413-1024x682.jpg 1024w, https:\/\/teszt.hoteldelibab.hu\/wp-content\/uploads\/2019\/07\/SIM9413-150x100.jpg 150w, https:\/\/teszt.hoteldelibab.hu\/wp-content\/uploads\/2019\/07\/SIM9413-768x512.jpg 768w, https:\/\/teszt.hoteldelibab.hu\/wp-content\/uploads\/2019\/07\/SIM9413-20x13.jpg 20w\" sizes=\"auto, (max-width: 1238px) 100vw, 1238px\" \/>\t<\/div>\n<div class=\"mkdf-pli-text-holder\">\n\t<div class=\"mkdf-pli-text-wrapper\">\n\t\t<div class=\"mkdf-pli-text\">\n\t\t\t\t<p itemprop=\"name\" class=\"mkdf-pli-title entry-title\" >\n\t\tPearl Suite\t<\/p>\n\n\t\t\t\n\t\t\t\t\t<\/div>\n\t<\/div>\n<\/div>\t\t\n\t\t<a itemprop=\"url\" class=\"mkdf-pli-link mkdf-block-drag-link\" href=\"https:\/\/teszt.hoteldelibab.hu\/en\/szobak-lakosztalyok\/gyongy-lakosztaly\/\" target=\"_blank\"><\/a>\n\t<\/div>\n<\/article><article class=\"mkdf-pl-item  post-18849 portfolio-item type-portfolio-item status-publish has-post-thumbnail hentry portfolio-category-lakosztalyok-hotel-delibab\">\n\t<div class=\"mkdf-pl-item-inner\">\n\t\t<div class=\"mkdf-pli-image\">\n\t\t\t<img loading=\"lazy\" decoding=\"async\" width=\"1238\" height=\"825\" src=\"https:\/\/teszt.hoteldelibab.hu\/wp-content\/uploads\/2019\/12\/Mirage-Deluxe-lakosztaly04.jpg\" class=\"attachment-full size-full wp-post-image\" alt=\"Mirage-DeLuxe-lakosztaly-Nappali\" srcset=\"https:\/\/teszt.hoteldelibab.hu\/wp-content\/uploads\/2019\/12\/Mirage-Deluxe-lakosztaly04.jpg 1238w, https:\/\/teszt.hoteldelibab.hu\/wp-content\/uploads\/2019\/12\/Mirage-Deluxe-lakosztaly04-600x400.jpg 600w, https:\/\/teszt.hoteldelibab.hu\/wp-content\/uploads\/2019\/12\/Mirage-Deluxe-lakosztaly04-1024x682.jpg 1024w, https:\/\/teszt.hoteldelibab.hu\/wp-content\/uploads\/2019\/12\/Mirage-Deluxe-lakosztaly04-150x100.jpg 150w, https:\/\/teszt.hoteldelibab.hu\/wp-content\/uploads\/2019\/12\/Mirage-Deluxe-lakosztaly04-768x512.jpg 768w, https:\/\/teszt.hoteldelibab.hu\/wp-content\/uploads\/2019\/12\/Mirage-Deluxe-lakosztaly04-20x13.jpg 20w\" sizes=\"auto, (max-width: 1238px) 100vw, 1238px\" \/>\t<\/div>\n<div class=\"mkdf-pli-text-holder\">\n\t<div class=\"mkdf-pli-text-wrapper\">\n\t\t<div class=\"mkdf-pli-text\">\n\t\t\t\t<p itemprop=\"name\" class=\"mkdf-pli-title entry-title\" >\n\t\tMirage DeLuxe\t<\/p>\n\n\t\t\t\n\t\t\t\t\t<\/div>\n\t<\/div>\n<\/div>\t\t\n\t\t<a itemprop=\"url\" class=\"mkdf-pli-link mkdf-block-drag-link\" href=\"https:\/\/teszt.hoteldelibab.hu\/en\/szobak-lakosztalyok\/mirage-deluxe-lakosztaly\/\" target=\"_blank\"><\/a>\n\t<\/div>\n<\/article>\t<\/div>\n\t\n\t<\/div><\/div><\/div><\/div><\/div><div class=\"vc_row wpb_row vc_row-fluid\" ><div class=\"wpb_column vc_column_container vc_col-sm-12\"><div class=\"vc_column-inner\"><div class=\"wpb_wrapper\"><div class=\"vc_separator wpb_content_element vc_separator_align_center vc_sep_width_100 vc_sep_pos_align_center vc_separator_no_text vc_custom_1576491277576 wpb_content_element  vc_custom_1576491277576 wpb_content_element\" ><span class=\"vc_sep_holder vc_sep_holder_l\"><span style=\"border-color:#a49383;\" class=\"vc_sep_line\"><\/span><\/span><span class=\"vc_sep_holder vc_sep_holder_r\"><span style=\"border-color:#a49383;\" class=\"vc_sep_line\"><\/span><\/span>\n<\/div><\/div><\/div><\/div><\/div><div data-vc-full-width=\"true\" data-vc-full-width-init=\"false\" class=\"vc_row wpb_row vc_row-fluid vc_custom_1587800348261 vc_row-has-fill vc_row-o-content-top vc_row-flex\" style=\"background-color:#555555\"><div class=\"wpb_column vc_column_container vc_col-sm-3\"><div class=\"vc_column-inner\"><div class=\"wpb_wrapper\"><\/div><\/div><\/div><div class=\"wpb_column vc_column_container vc_col-sm-6\"><div class=\"vc_column-inner\"><div class=\"wpb_wrapper\"><div class=\"vc_tta-container\" data-vc-action=\"collapseAll\"><div class=\"vc_general vc_tta vc_tta-accordion vc_tta-color-chino vc_tta-style-classic vc_tta-shape-square vc_tta-o-shape-group vc_tta-controls-align-center vc_tta-o-no-fill vc_tta-o-all-clickable vc_custom_1583929257131\"><div class=\"vc_tta-panels-container\"><div class=\"vc_tta-panels\"><div class=\"vc_tta-panel\" id=\"1583926886641-f95a8218-4408\" data-vc-content=\".vc_tta-panel-body\"><div class=\"vc_tta-panel-heading\"><h4 class=\"vc_tta-panel-title vc_tta-controls-icon-position-left\"><a href=\"#1583926886641-f95a8218-4408\" data-vc-accordion data-vc-container=\".vc_tta-container\"><span class=\"vc_tta-title-text\">SUBSCRIBE TO OUR NEWSLETTER<\/span><i class=\"vc_tta-controls-icon vc_tta-controls-icon-triangle\"><\/i><\/a><\/h4><\/div><div class=\"vc_tta-panel-body\">\n\t<div class=\"wpb_raw_code wpb_raw_html wpb_content_element\" >\n\t\t<div class=\"wpb_wrapper\">\n\t\t\t                <div class=\"ml-embedded\" data-form=\"PZDCwX\"><\/div>\n            \n\t\t<\/div>\n\t<\/div>\n<\/div><\/div><\/div><\/div><\/div><\/div><\/div><\/div><\/div><div class=\"wpb_column vc_column_container vc_col-sm-3 vc_hidden-xs\"><div class=\"vc_column-inner\"><div class=\"wpb_wrapper\"><\/div><\/div><\/div><\/div><div class=\"vc_row-full-width vc_clearfix\"><\/div><div data-vc-full-width=\"true\" data-vc-full-width-init=\"false\" data-vc-stretch-content=\"true\" class=\"vc_row wpb_row vc_row-fluid vc_custom_1587800499717 vc_row-no-padding vc_row-o-equal-height vc_row-flex\" ><div class=\"wpb_column vc_column_container vc_col-sm-12\"><div class=\"vc_column-inner vc_custom_1667737902724\"><div class=\"wpb_wrapper\"><div  class=\"wpb_widgetised_column wpb_content_element\">\n\t\t<div class=\"wpb_wrapper\">\n\t\t\t\n\t\t\t<div class=\"widget_text widget widget_custom_html\"><div class=\"textwidget custom-html-widget\"><iframe src=\"https:\/\/www.google.com\/maps\/embed?pb=!1m18!1m12!1m3!1d2698.024179487201!2d21.395308815879872!3d47.45046810674325!2m3!1f0!2f0!3f0!3m2!1i1024!2i768!4f13.1!3m3!1m2!1s0x4747197c7dbfa419%3A0xa05f57e4146f300c!2zSG90ZWwgRMOpbGliw6Fi!5e0!3m2!1shu!2shu!4v1667732845164!5m2!1shu!2shu\" width=\"100%\" height=\"450\" style=\"border:0; filter:saturate(0%);\" allowfullscreen=\"\" loading=\"lazy\" referrerpolicy=\"no-referrer-when-downgrade\"><\/iframe>\r\n<\/div><\/div>\n\t\t<\/div>\n\t<\/div>\n<\/div><\/div><\/div><\/div><div class=\"vc_row-full-width vc_clearfix\"><\/div>\n<\/div>","protected":false},"excerpt":{"rendered":"","protected":false},"author":5,"featured_media":0,"parent":0,"menu_order":0,"comment_status":"closed","ping_status":"closed","template":"","meta":{"_acf_changed":false,"inline_featured_image":false,"footnotes":""},"class_list":["post-17667","page","type-page","status-publish","hentry"],"acf":[],"_links":{"self":[{"href":"https:\/\/teszt.hoteldelibab.hu\/en\/wp-json\/wp\/v2\/pages\/17667","targetHints":{"allow":["GET"]}}],"collection":[{"href":"https:\/\/teszt.hoteldelibab.hu\/en\/wp-json\/wp\/v2\/pages"}],"about":[{"href":"https:\/\/teszt.hoteldelibab.hu\/en\/wp-json\/wp\/v2\/types\/page"}],"author":[{"embeddable":true,"href":"https:\/\/teszt.hoteldelibab.hu\/en\/wp-json\/wp\/v2\/users\/5"}],"replies":[{"embeddable":true,"href":"https:\/\/teszt.hoteldelibab.hu\/en\/wp-json\/wp\/v2\/comments?post=17667"}],"version-history":[{"count":1,"href":"https:\/\/teszt.hoteldelibab.hu\/en\/wp-json\/wp\/v2\/pages\/17667\/revisions"}],"predecessor-version":[{"id":32864,"href":"https:\/\/teszt.hoteldelibab.hu\/en\/wp-json\/wp\/v2\/pages\/17667\/revisions\/32864"}],"wp:attachment":[{"href":"https:\/\/teszt.hoteldelibab.hu\/en\/wp-json\/wp\/v2\/media?parent=17667"}],"curies":[{"name":"wp","href":"https:\/\/api.w.org\/{rel}","templated":true}]}}