{"id":22686,"date":"2020-02-20T15:29:43","date_gmt":"2020-02-20T15:29:43","guid":{"rendered":"https:\/\/teszt.hoteldelibab.hu\/altalanos-szolgaltatoi-feltetelek-c\/"},"modified":"2024-10-14T16:30:42","modified_gmt":"2024-10-14T14:30:42","slug":"szep-kartya-elfogadas","status":"publish","type":"page","link":"https:\/\/teszt.hoteldelibab.hu\/en\/szep-kartya-elfogadas\/","title":{"rendered":"SZ\u00c9P k\u00e1rtya elfogad\u00e1s[:]"},"content":{"rendered":"<div class=\"wpb-content-wrapper\"><div class=\"vc_row wpb_row vc_row-fluid\" ><div class=\"wpb_column vc_column_container vc_col-sm-12\"><div class=\"vc_column-inner\"><div class=\"wpb_wrapper\">\n\t<div class=\"wpb_text_column wpb_content_element\" >\n\t\t<div class=\"wpb_wrapper\">\n\t\t\t<h2 style=\"text-align: center;\"><span style=\"font-weight: 400;\">SZ\u00c9P k\u00e1rtya haszn\u00e1lata, elfogad\u00e1s\u00e1nak szab\u00e1lyai<\/span><\/h2>\n<p>&nbsp;<\/p>\n<p><b>Mit fizethet SZ\u00c9P k\u00e1rty\u00e1val?<\/b><\/p>\n<p><span style=\"font-weight: 400;\">Sz\u00e1llod\u00e1nkban a teljes sz\u00e1ml\u00e1j\u00e1t fizetheti OTP, MKB vagy K&amp;H SZ\u00c9P k\u00e1rty\u00e1val, bele\u00e9rtve a sz\u00e1ll\u00e1shoz kapcsol\u00f3d\u00f3 \u00e9tkez\u00e9seket, massz\u00e1zsokat, parkol\u00e1st, egy\u00e9b szolg\u00e1ltat\u00e1sokat. <\/span><b><span style=\"text-decoration: underline;\">Kiv\u00e9tel ezal\u00f3l az IFA (Idegenforgalmi ad\u00f3), amely SZ\u00c9P k\u00e1rty\u00e1val nem fizethet\u0151<\/span>. <\/b><\/p>\n<p><span style=\"font-weight: 400;\">A <\/span><b>sz\u00e1llod\u00e1nk \u00e9tterm\u00e9ben<\/b><span style=\"font-weight: 400;\"> elk\u00f6lt\u00f6tt <\/span><b>eb\u00e9det, vacsor\u00e1t,<\/b><span style=\"font-weight: 400;\"> illetve <\/span><b>italfogyaszt\u00e1st<\/b><span style=\"font-weight: 400;\"> szint\u00e9n fizetheti SZ\u00c9P k\u00e1rty\u00e1val, akkor is, ha nem sz\u00e1ll\u00f3vend\u00e9gk\u00e9nt veszi ig\u00e9nybe ezen szolg\u00e1ltat\u00e1sainkat.<\/span><\/p>\n<p>&nbsp;<\/p>\n<p><span style=\"font-weight: 400;\">SZ\u00c9P k\u00e1rty\u00e1j\u00e1val fizetheti a sz\u00e1mla teljes \u00f6sszeg\u00e9t, vagy ak\u00e1r annak csak egy r\u00e9sz\u00e9t. Fontos, hogy <\/span><b>SZ\u00c9P k\u00e1rty\u00e1s fizets\u00e9re csak a k\u00e1rtyabirtokos (vagy t\u00e1rsk\u00e1rtya-birtokos) jelenl\u00e9t\u00e9ben van m\u00f3d!<\/b><\/p>\n<p>2023. janu\u00e1r 1-j\u00e9t\u0151l <strong>\u00f6sszevon\u00e1sra ker\u00fcltek a SZ\u00c9P k\u00e1rtya kor\u00e1bbi sz\u00e1ll\u00e1shely, vend\u00e9gl\u00e1t\u00e1s \u00e9s szabadid\u0151 zsebei<\/strong>, ez\u00e1ltal a k\u00e1rty\u00e1val val\u00f3 fizet\u00e9skor m\u00e1r nem kell v\u00e1lasztanunk melyik zsebr\u0151l szeretn\u00e9nk k\u00f6lteni, a kor\u00e1bban 3 zsebbe felt\u00f6lt\u00f6tt \u00f6sszegek \u00f6sszead\u00f3dtak.<\/p>\n<p><b>Lej\u00e1r-e a SZ\u00c9P k\u00e1rty\u00e1ra felt\u00f6lt\u00f6tt \u00f6sszeg?<\/b><\/p>\n<p>2022. okt\u00f3ber 15-t\u0151l a felt\u00f6lt\u00e9s ut\u00e1n eltelt egy \u00e9vet k\u00f6vet\u0151 m\u00e1rcius 20-ig vagy szeptember 20-ig fel nem haszn\u00e1lt egyenleg terh\u00e9re 15 sz\u00e1zal\u00e9kos egyszeri d\u00edjat sz\u00e1m\u00edt fel a szolg\u00e1ltat\u00f3 ezeken a napokon. A d\u00edj nem sz\u00e1m\u00edthat\u00f3 fel azon p\u00e9nzeszk\u00f6zre, amely ut\u00e1n e rendelet szerinti d\u00edjat m\u00e1r sz\u00e1moltak fel.<\/p>\n<p>&nbsp;<\/p>\n<p><b>Melyik zsebb\u0151l fizethet a sz\u00e1llod\u00e1ban?<\/b><\/p>\n<p>2023. janu\u00e1r 1-j\u00e9t\u0151l <strong>\u00f6sszevon\u00e1sra ker\u00fcltek a SZ\u00c9P k\u00e1rtya kor\u00e1bbi sz\u00e1ll\u00e1shely, vend\u00e9gl\u00e1t\u00e1s \u00e9s szabadid\u0151 zsebei<\/strong>, ez\u00e1ltal a k\u00e1rty\u00e1val val\u00f3 fizet\u00e9skor <strong>m\u00e1r nem kell v\u00e1lasztanunk melyik zsebr\u0151l szeretn\u00e9nk k\u00f6lteni<\/strong>, a kor\u00e1bban 3 zsebbe felt\u00f6lt\u00f6tt \u00f6sszegek \u00f6sszead\u00f3dtak.<\/p>\n<p><span style=\"font-weight: 400;\">A <\/span><b>belf\u00f6ldi <\/b><span style=\"font-weight: 400;\">pihen\u00e9s teljes \u00f6sszeg\u00e9t, vagy annak csak egy r\u00e9sz\u00e9t is fizetheti, de NAGYON FONTOS, hogy az IFA \u2013 idegenforgalmi ad\u00f3 \u2013 NEM FIZETHET\u0150 SZ\u00c9P-k\u00e1rty\u00e1val!<\/span><\/p>\n<p>&nbsp;<\/p>\n<p><b>Lehet-e el\u0151leget fizetni SZ\u00c9P k\u00e1rty\u00e1val?<\/b><\/p>\n<p><span style=\"font-weight: 400;\">Igen, erre mindh\u00e1rom SZ\u00c9P k\u00e1rtya kibocs\u00e1t\u00f3 lehet\u0151s\u00e9get biztos\u00edt!<\/span><\/p>\n<p>&nbsp;<\/p>\n<p><span style=\"font-weight: 400;\">El\u0151legfizet\u00e9s <\/span><b>OTP SZ\u00c9P K\u00e1rty\u00e1val:<\/b><\/p>\n<p><span style=\"font-weight: 400;\">Az el\u0151leg utal\u00e1s\u00e1t \u00d6nnek kell elind\u00edtani az <\/span><b>otpszepkartya.hu-ra<\/b><span style=\"font-weight: 400;\"> fell\u00e9pve, saj\u00e1t regisztr\u00e1ci\u00f3val bejelentkezve.<\/span><\/p>\n<p><span style=\"font-weight: 400;\">Sz\u00e1llod\u00e1nkat az elfogad\u00f3helyek k\u00f6z\u00f6tt <strong>Hotel D\u00e9lib\u00e1b<\/strong> n\u00e9ven &#8211; \u26a0\ufe0f<span style=\"text-decoration: underline;\"><strong>NEM<\/strong><\/span> D\u00e9lib\u00e1b Ter\u00e1pia\u26a0\ufe0f &#8211; tal\u00e1lj\u00e1k meg. A c\u00edm: 4200 Hajd\u00faszoboszl\u00f3, J\u00f3zsef Attila utca 5-7.<\/span><\/p>\n<p><span style=\"font-weight: 400;\">Mivel <span style=\"text-decoration: underline;\">a megjegyz\u00e9s rovatban felt\u00fcntetett adatokat nem l\u00e1tjuk<\/span>, ez\u00e9rt k\u00e9rj\u00fck, hogy <span style=\"text-decoration: underline;\">ha az utal\u00e1s nem az \u00d6n nev\u00e9r\u0151l \u00e9rkezik, jelezz ezt sz\u00e1llod\u00e1nk fel\u00e9 \u00edr\u00e1sban<\/span>!<\/span><\/p>\n<p>&nbsp;<\/p>\n<p><span style=\"font-weight: 400;\">El\u0151legfizet\u00e9s <\/span><b>MKB SZ\u00c9P K\u00e1rty\u00e1val:<\/b><\/p>\n<p><span style=\"font-weight: 400;\">K\u00e9rj\u00fck, hogy az al\u00e1bbi adatokat k\u00fcldje meg r\u00e9sz\u00fcnkre \u00edr\u00e1sban:<\/span><\/p>\n<ol>\n<li style=\"font-weight: 400;\"><span style=\"font-weight: 400;\">a k\u00e1rtyatulajdonos neve,<\/span><\/li>\n<li style=\"font-weight: 400;\"><span style=\"font-weight: 400;\">a k\u00e1rtya azonos\u00edt\u00f3 sz\u00e1ma (4; 5 vagy 6 jegy\u0171 azonos\u00edt\u00f3)<\/span><\/li>\n<li style=\"font-weight: 400;\"><span style=\"font-weight: 400;\">melyik zsebb\u0151l\/alsz\u00e1ml\u00e1r\u00f3l szeretne utalni<\/span><\/li>\n<\/ol>\n<p><span style=\"font-weight: 400;\">A k\u00e9rt adatok megad\u00e1s\u00e1t k\u00f6vet\u0151en kapunk az MKB Bankt\u00f3l egy 10 jegy\u0171 azonos\u00edt\u00f3t, melyet elk\u00fcld\u00fcnk \u00d6nnek email-ben, \u00e9s amelynek seg\u00edts\u00e9g\u00e9vel az MKB SZ\u00c9P K\u00e1rtya honlapj\u00e1n az utal\u00e1st \u00d6n el tudja ind\u00edtani sz\u00e1llod\u00e1nk fel\u00e9.<\/span><\/p>\n<p><span style=\"font-weight: 400;\">Sz\u00e1llod\u00e1nkat az elfogad\u00f3helyek k\u00f6z\u00f6tt <strong>Hotel D\u00e9lib\u00e1b n\u00e9ven<\/strong> tal\u00e1lj\u00e1k meg. A c\u00edm: 4200 Hajd\u00faszoboszl\u00f3, J\u00f3zsef Attila utca 5-7.<\/span><\/p>\n<p>&nbsp;<\/p>\n<p><span style=\"font-weight: 400;\">El\u0151legfizet\u00e9s<\/span><b> K&amp;H SZ\u00c9P K\u00e1rty\u00e1val:<\/b><\/p>\n<p><span style=\"font-weight: 400;\">Az el\u0151leg utal\u00e1s\u00e1t \u00d6nnek kell elind\u00edtani, amihez a K&amp;H Bankot kell felh\u00edvnia a <\/span><b>06-1-33-53-355<\/b><span style=\"font-weight: 400;\"> telefonsz\u00e1mon.<\/span><\/p>\n<p><span style=\"font-weight: 400;\">Sz\u00e1llod\u00e1nkat az elfogad\u00f3helyek k\u00f6z\u00f6tt <strong>Hotel D\u00e9lib\u00e1b n\u00e9ven<\/strong> tal\u00e1lj\u00e1k meg. A c\u00edm: 4200 Hajd\u00faszoboszl\u00f3, J\u00f3zsef Attila utca 5-7.<\/span><\/p>\n<p><span style=\"font-weight: 400;\">Sz\u00e1llod\u00e1nk azonos\u00edt\u00f3sz\u00e1ma, melyet a bank k\u00e9rni fog: <\/span><span style=\"text-decoration: underline;\"><b>84009555<\/b><\/span><\/p>\n<p>&nbsp;<\/p>\n<p><span style=\"font-weight: 400;\">K\u00e9rj\u00fck, hogy <span style=\"text-decoration: underline;\">minden esetben jelezze sz\u00e1llod\u00e1nk fel\u00e9 \u00edr\u00e1sban, hogy milyen n\u00e9vr\u0151l utalja az el\u0151leget<\/span>.<\/span><\/p>\n<p>&nbsp;<\/p>\n<p><span style=\"font-weight: 400;\">\u26a0\ufe0fFONTOS, hogy <span style=\"text-decoration: underline;\"><strong>az IFA \u00f6sszeg\u00e9t soha ne utalja \u00e1t el\u0151re SZ\u00c9P k\u00e1rty\u00e1j\u00e1val<\/strong><\/span>, mivel ez nem fizethet\u0151 vele!\u26a0\ufe0f<\/span><\/p>\n<p>&nbsp;<\/p>\n<p><b>Fizethetem-e az IFA-t SZ\u00c9P k\u00e1rty\u00e1val?<\/b><\/p>\n<p><b>Nem. \u2757<\/b><span style=\"font-weight: 400;\">Az idegenforgalmi ad\u00f3 &#8211; IFA &#8211; SZ\u00c9P k\u00e1rty\u00e1val nem fizethet\u0151\u2757<\/span><\/p>\n<p>&nbsp;<\/p>\n<p><b>Fizethetek-e m\u00e1s (sz\u00fcl\u0151\/rokon\/bar\u00e1t) SZ\u00c9P k\u00e1rty\u00e1j\u00e1val?<\/b><\/p>\n<p><span style=\"font-weight: 400;\"><strong>Nem.<\/strong> SZ\u00c9P k\u00e1rty\u00e1val t\u00f6rt\u00e9n\u0151 fizet\u00e9s abban az esetben lehets\u00e9ges, <\/span><b>ha a k\u00e1rtya tulajdonosa is a helysz\u00ednen tart\u00f3zkodik<\/b><span style=\"font-weight: 400;\">. <\/span><b>Amennyiben a SZ\u00c9P k\u00e1rtya nem a sz\u00e1ll\u00e1st ig\u00e9nybevev\u0151 nev\u00e9re sz\u00f3l \u00e9s a k\u00e1rtya tulajdonosa nem tart\u00f3zkodik a helysz\u00ednen a k\u00e1rty\u00e1t nem \u00e1ll m\u00f3dunkban elfogadni!<\/b><span style=\"font-weight: 400;\"> SZ\u00c9P k\u00e1rty\u00e1val t\u00f6rt\u00e9n\u0151 fizet\u00e9s eset\u00e9n a jogos k\u00e1rtyahaszn\u00e1lat \u00e9rdek\u00e9ben a sz\u00e1lloda k\u00e9rheti a megrendelt szolg\u00e1ltat\u00e1sok el\u0151re t\u00f6rt\u00e9n\u0151 fizet\u00e9s\u00e9t \u00e9s a Vend\u00e9g szem\u00e9lyazonos\u00edt\u00e1sra alkalmas k\u00f6zokirat\u00e1nak bemutat\u00e1s\u00e1t. Meg\u00e9rt\u00e9s\u00fcket k\u00f6sz\u00f6nj\u00fck!<\/span><\/p>\n<h2 style=\"text-align: center;\"><\/h2>\n\n\t\t<\/div>\n\t<\/div>\n<\/div><\/div><\/div><\/div><div class=\"vc_row wpb_row vc_row-fluid\" ><div class=\"wpb_column vc_column_container vc_col-sm-12\"><div class=\"vc_column-inner\"><div class=\"wpb_wrapper\"><div class=\"vc_separator wpb_content_element vc_separator_align_center vc_sep_width_100 vc_sep_pos_align_center vc_separator_no_text vc_custom_1581676878596 wpb_content_element  vc_custom_1581676878596 wpb_content_element\" ><span class=\"vc_sep_holder vc_sep_holder_l\"><span style=\"border-color:#a49383;\" class=\"vc_sep_line\"><\/span><\/span><span class=\"vc_sep_holder vc_sep_holder_r\"><span style=\"border-color:#a49383;\" class=\"vc_sep_line\"><\/span><\/span>\n<\/div><\/div><\/div><\/div><\/div><div data-vc-full-width=\"true\" data-vc-full-width-init=\"false\" class=\"vc_row wpb_row vc_row-fluid vc_custom_1534252732877 vc_row-has-fill vc_row-o-content-top vc_row-flex\" ><div class=\"wpb_column vc_column_container vc_col-sm-3\"><div class=\"vc_column-inner vc_custom_1532594287565\"><div class=\"wpb_wrapper\">\n\t<div class=\"wpb_text_column wpb_content_element\" >\n\t\t<div class=\"wpb_wrapper\">\n\t\t\t<h4 style=\"text-align: right;\"><span style=\"color: #ffffff;\">H\u00edrlev\u00e9l feliratkoz\u00e1s<\/span><\/h4>\n\n\t\t<\/div>\n\t<\/div>\n<\/div><\/div><\/div><div class=\"wpb_column vc_column_container vc_col-sm-6\"><div class=\"vc_column-inner vc_custom_1532607363605\"><div class=\"wpb_wrapper\">\n\t<div class=\"wpb_raw_code wpb_raw_html wpb_content_element\" >\n\t\t<div class=\"wpb_wrapper\">\n\t\t\t                <div class=\"ml-embedded\" data-form=\"PZDCwX\"><\/div>\n            \n\t\t<\/div>\n\t<\/div>\n<\/div><\/div><\/div><div class=\"wpb_column vc_column_container vc_col-sm-3\"><div class=\"vc_column-inner vc_custom_1582212564945\"><div class=\"wpb_wrapper\"><div  class=\"wpb_widgetised_column wpb_content_element\">\n\t\t<div class=\"wpb_wrapper\">\n\t\t\t\n\t\t\t\n\t\t<\/div>\n\t<\/div>\n<\/div><\/div><\/div><\/div><div class=\"vc_row-full-width vc_clearfix\"><\/div><div data-vc-full-width=\"true\" data-vc-full-width-init=\"false\" data-vc-stretch-content=\"true\" class=\"vc_row wpb_row vc_row-fluid vc_custom_1576495684612 vc_row-no-padding vc_row-o-content-bottom vc_row-flex\" ><div class=\"wpb_column vc_column_container vc_col-sm-12\"><div class=\"vc_column-inner\"><div class=\"wpb_wrapper\"><div class=\"mkdf-google-map-holder\">\n\t<div class=\"mkdf-google-map\" id=\"mkdf-map-2197633\" data-addresses='[\"Hajd\u00faszoboszl\u00f3, J\u00f3zsef Attila utca 5-7.\"]' data-custom-map-style=yes data-color-overlay=#393939 data-saturation=-100 data-lightness=15 data-zoom=16 data-pin=https:\/\/teszt.hoteldelibab.hu\/wp-content\/uploads\/2018\/08\/RAJZSZ\u00d6G80-e1533820011937.png data-unique-id=2197633 data-scroll-wheel=no data-height=450><\/div>\n\t\t\t<div class=\"mkdf-google-map-overlay\"><\/div>\n\t<\/div>\n<\/div><\/div><\/div><\/div><div class=\"vc_row-full-width vc_clearfix\"><\/div>\n<\/div>","protected":false},"excerpt":{"rendered":"SZ\u00c9P k\u00e1rtya haszn\u00e1lata, elfogad\u00e1s\u00e1nak szab\u00e1lyai &nbsp; Mit fizethet SZ\u00c9P k\u00e1rty\u00e1val? Sz\u00e1llod\u00e1nkban a teljes sz\u00e1ml\u00e1j\u00e1t fizetheti OTP, MKB vagy K&amp;H SZ\u00c9P k\u00e1rty\u00e1val, bele\u00e9rtve a sz\u00e1ll\u00e1shoz kapcsol\u00f3d\u00f3 \u00e9tkez\u00e9seket, massz\u00e1zsokat, parkol\u00e1st, egy\u00e9b szolg\u00e1ltat\u00e1sokat. Kiv\u00e9tel ezal\u00f3l az IFA (Idegenforgalmi ad\u00f3), amely SZ\u00c9P k\u00e1rty\u00e1val nem [...]","protected":false},"author":5,"featured_media":0,"parent":0,"menu_order":0,"comment_status":"closed","ping_status":"closed","template":"","meta":{"_acf_changed":false,"inline_featured_image":false,"footnotes":""},"class_list":["post-22686","page","type-page","status-publish","hentry"],"acf":[],"_links":{"self":[{"href":"https:\/\/teszt.hoteldelibab.hu\/en\/wp-json\/wp\/v2\/pages\/22686","targetHints":{"allow":["GET"]}}],"collection":[{"href":"https:\/\/teszt.hoteldelibab.hu\/en\/wp-json\/wp\/v2\/pages"}],"about":[{"href":"https:\/\/teszt.hoteldelibab.hu\/en\/wp-json\/wp\/v2\/types\/page"}],"author":[{"embeddable":true,"href":"https:\/\/teszt.hoteldelibab.hu\/en\/wp-json\/wp\/v2\/users\/5"}],"replies":[{"embeddable":true,"href":"https:\/\/teszt.hoteldelibab.hu\/en\/wp-json\/wp\/v2\/comments?post=22686"}],"version-history":[{"count":0,"href":"https:\/\/teszt.hoteldelibab.hu\/en\/wp-json\/wp\/v2\/pages\/22686\/revisions"}],"wp:attachment":[{"href":"https:\/\/teszt.hoteldelibab.hu\/en\/wp-json\/wp\/v2\/media?parent=22686"}],"curies":[{"name":"wp","href":"https:\/\/api.w.org\/{rel}","templated":true}]}}