{"id":27402,"date":"2024-09-04T14:00:37","date_gmt":"2024-09-04T14:00:37","guid":{"rendered":"https:\/\/teszt.hoteldelibab.hu\/csomagajanlatok-akciok\/oszi-wellness-c\/"},"modified":"2026-02-12T14:49:37","modified_gmt":"2026-02-12T13:49:37","slug":"teli-wellness","status":"publish","type":"page","link":"https:\/\/teszt.hoteldelibab.hu\/en\/csomagajanlatok\/teli-wellness\/","title":{"rendered":"Winter Relax"},"content":{"rendered":"<div class=\"wpb-content-wrapper\"><div class=\"vc_row wpb_row vc_row-fluid\" ><div class=\"wpb_column vc_column_container vc_col-sm-12\"><div class=\"vc_column-inner\"><div class=\"wpb_wrapper\"><div class=\"mkdf-section-title-holder  mkdf-st-standard  mkdf-st-title-left mkdf-st-normal-space\" >\n\t<div class=\"mkdf-st-inner\">\n\t\t\t\t\t\t\t<h2 class=\"mkdf-st-title\" >\n\t\t\t\tWinter Wellness in Hajd\u00faszoboszl\u00f3\t\t\t\t\t\t\t<\/h2>\n\t\t\t\t\t\t\t<\/div>\n<\/div><\/div><\/div><\/div><\/div><div class=\"vc_row wpb_row vc_row-fluid vc_custom_1532523802081\" ><div class=\"wpb_column vc_column_container vc_col-sm-12\"><div class=\"vc_column-inner\"><div class=\"wpb_wrapper\"><div class=\"vc_separator wpb_content_element vc_separator_align_center vc_sep_width_100 vc_sep_pos_align_center vc_separator_no_text vc_custom_1764605621427 wpb_content_element  vc_custom_1764605621427 wpb_content_element\" ><span class=\"vc_sep_holder vc_sep_holder_l\"><span style=\"border-color:#a49383;\" class=\"vc_sep_line\"><\/span><\/span><span class=\"vc_sep_holder vc_sep_holder_r\"><span style=\"border-color:#a49383;\" class=\"vc_sep_line\"><\/span><\/span>\n<\/div><\/div><\/div><\/div><\/div><div class=\"vc_row wpb_row vc_row-fluid vc_row-o-equal-height vc_row-o-content-top vc_row-flex\" ><div class=\"wpb_column vc_column_container vc_col-sm-9\"><div class=\"vc_column-inner\"><div class=\"wpb_wrapper\">\n\t<div  class=\"wpb_single_image wpb_content_element vc_align_center wpb_content_element\">\n\t\t\n\t\t<figure class=\"wpb_wrapper vc_figure\">\n\t\t\t<div class=\"vc_single_image-wrapper   vc_box_border_grey\"><img decoding=\"async\" class=\"vc_single_image-img\" src=\"https:\/\/teszt.hoteldelibab.hu\/wp-content\/uploads\/2024\/09\/TeliWellness2024_HotelDelibabHajduszoboszlo_1000x563.jpg\" width=\"1000\" height=\"563\" alt=\"T\u00e9li Wellness \u25cf Winter Wellness \u25cf Hotel D\u00e9lib\u00e1b Hajd\u00faszoboszl\u00f3\" title=\"TeliWellness2024_HotelDelibabHajduszoboszlo_1000x563\" loading=\"lazy\" \/><\/div>\n\t\t<\/figure>\n\t<\/div>\n<\/div><\/div><\/div><div class=\"wpb_column vc_column_container vc_col-sm-3\"><div class=\"vc_column-inner vc_custom_1576745059144\"><div class=\"wpb_wrapper\"><div class=\"vc_empty_space\"   style=\"height: 16px\"><span class=\"vc_empty_space_inner\"><\/span><\/div><h2 class=\"mkdf-custom-font-holder  mkdf-cf-2023\" style=\"font-size: 1.4em;line-height: 1.25em;font-weight: 600;text-align: justify;margin: 0\" data-item-class=\"mkdf-cf-2023\">\n\tD\u00e9lib\u00e1b Winter Relax<\/h2><p class=\"mkdf-custom-font-holder  mkdf-cf-6403\" style=\"line-height: 1.25em;text-align: justify\" data-item-class=\"mkdf-cf-6403\">\n\tWarm rest for the freezing days.<\/p><div class=\"vc_empty_space\"   style=\"height: 16px\"><span class=\"vc_empty_space_inner\"><\/span><\/div><div class=\"mkdf-iwt clearfix  mkdf-iwt-icon-left-from-title mkdf-iwt-icon-medium\">\n\t<div class=\"mkdf-iwt-content\" >\n\t\t\t\t\t<h6 class=\"mkdf-iwt-title\" style=\"color: #000000\">\n\t\t\t\t\t\t\t\t\t<span class=\"mkdf-iwt-icon\">\n\t\t\t\t\t\t\t\t\t\t\t\t\t<img loading=\"lazy\" decoding=\"async\" width=\"1\" height=\"1\" src=\"https:\/\/teszt.hoteldelibab.hu\/wp-content\/uploads\/2022\/10\/HD_icons-NAPTAR.svg\" class=\"attachment-full size-full\" alt=\"Id\u0151pont \u25cf Hotel D\u00e9lib\u00e1b Hajd\u00faszoboszl\u00f3\" \/>\t\t\t\t\t\t\t\t\t\t\t<\/span>\n\t\t\t\t\t<span class=\"mkdf-iwt-title-text\">\n\t\t\t\t\t\t2025.12.01. - 2026.02.28.\t\t\t\t\t<\/span>\n\t\t\t\t\t\t\t\t\t\t\t<\/h6>\n\t\t\t\t\t\t\t<\/div>\n<\/div><div class=\"vc_empty_space\"   style=\"height: 4px\"><span class=\"vc_empty_space_inner\"><\/span><\/div><div class=\"mkdf-iwt clearfix  mkdf-iwt-icon-left-from-title mkdf-iwt-icon-medium\">\n\t<div class=\"mkdf-iwt-content\" >\n\t\t\t\t\t<h6 class=\"mkdf-iwt-title\" style=\"color: #000000\">\n\t\t\t\t\t\t\t\t\t<span class=\"mkdf-iwt-icon\">\n\t\t\t\t\t\t\t\t\t\t\t\t\t<img loading=\"lazy\" decoding=\"async\" width=\"1\" height=\"1\" src=\"https:\/\/teszt.hoteldelibab.hu\/wp-content\/uploads\/2022\/10\/HD_icons-EJSZAKA.svg\" class=\"attachment-full size-full\" alt=\"\u00c9jszaka\" \/>\t\t\t\t\t\t\t\t\t\t\t<\/span>\n\t\t\t\t\t<span class=\"mkdf-iwt-title-text\">\n\t\t\t\t\t\t2 nights min.\t\t\t\t\t<\/span>\n\t\t\t\t\t\t\t\t\t\t\t<\/h6>\n\t\t\t\t\t\t\t<\/div>\n<\/div><div class=\"vc_empty_space\"   style=\"height: 4px\"><span class=\"vc_empty_space_inner\"><\/span><\/div><div class=\"mkdf-iwt clearfix  mkdf-iwt-icon-left-from-title mkdf-iwt-icon-medium\">\n\t<div class=\"mkdf-iwt-content\" >\n\t\t\t\t\t<h6 class=\"mkdf-iwt-title\" style=\"color: #000000\">\n\t\t\t\t\t\t\t\t\t<span class=\"mkdf-iwt-icon\">\n\t\t\t\t\t\t\t\t\t\t\t\t\t<img loading=\"lazy\" decoding=\"async\" width=\"1\" height=\"1\" src=\"https:\/\/teszt.hoteldelibab.hu\/wp-content\/uploads\/2022\/10\/HD_icons-SIKERES.svg\" class=\"attachment-full size-full\" alt=\"Hotel D\u00e9lib\u00e1b Hajd\u00faszoboszl\u00f3\" \/>\t\t\t\t\t\t\t\t\t\t\t<\/span>\n\t\t\t\t\t<span class=\"mkdf-iwt-title-text\">\n\t\t\t\t\t\tArrival: any day of the week\t\t\t\t\t<\/span>\n\t\t\t\t\t\t\t\t\t\t\t<\/h6>\n\t\t\t\t\t\t\t<\/div>\n<\/div><div class=\"vc_empty_space\"   style=\"height: 4px\"><span class=\"vc_empty_space_inner\"><\/span><\/div><div class=\"mkdf-iwt clearfix  mkdf-iwt-icon-left-from-title mkdf-iwt-icon-medium\">\n\t<div class=\"mkdf-iwt-content\" >\n\t\t\t\t\t<h6 class=\"mkdf-iwt-title\" style=\"color: #000000\">\n\t\t\t\t\t\t\t\t\t<span class=\"mkdf-iwt-icon\">\n\t\t\t\t\t\t\t\t\t\t\t\t\t<img loading=\"lazy\" decoding=\"async\" width=\"1\" height=\"1\" src=\"https:\/\/teszt.hoteldelibab.hu\/wp-content\/uploads\/2022\/10\/HD_icons-CSOMAGAR.svg\" class=\"attachment-full size-full\" alt=\"Csomag\u00e1r | Hotel D\u00e9lib\u00e1b Hajd\u00faszoboszl\u00f3\" \/>\t\t\t\t\t\t\t\t\t\t\t<\/span>\n\t\t\t\t\t<span class=\"mkdf-iwt-title-text\">\n\t\t\t\t\t\tPrices starting at 31 500 Ft \/ person \/ night\t\t\t\t\t<\/span>\n\t\t\t\t\t\t\t\t\t\t\t<\/h6>\n\t\t\t\t\t\t\t<\/div>\n<\/div><div class=\"vc_empty_space\"   style=\"height: 4px\"><span class=\"vc_empty_space_inner\"><\/span><\/div><div class=\"mkdf-iwt clearfix  mkdf-iwt-icon-left-from-title mkdf-iwt-icon-medium\">\n\t<div class=\"mkdf-iwt-content\" >\n\t\t\t\t\t<h6 class=\"mkdf-iwt-title\" style=\"color: #000000\">\n\t\t\t\t\t\t\t\t\t<span class=\"mkdf-iwt-icon\">\n\t\t\t\t\t\t\t\t\t\t\t\t\t<img loading=\"lazy\" decoding=\"async\" width=\"204\" height=\"204\" src=\"https:\/\/teszt.hoteldelibab.hu\/wp-content\/uploads\/2022\/09\/HD_icons-AR.png\" class=\"attachment-full size-full\" alt=\"\" srcset=\"https:\/\/teszt.hoteldelibab.hu\/wp-content\/uploads\/2022\/09\/HD_icons-AR.png 204w, https:\/\/teszt.hoteldelibab.hu\/wp-content\/uploads\/2022\/09\/HD_icons-AR-150x150.png 150w\" sizes=\"auto, (max-width: 204px) 100vw, 204px\" \/>\t\t\t\t\t\t\t\t\t\t\t<\/span>\n\t\t\t\t\t<span class=\"mkdf-iwt-title-text\">\n\t\t\t\t\t\tMinimum 50% deposit required\t\t\t\t\t<\/span>\n\t\t\t\t\t\t\t\t\t\t\t<\/h6>\n\t\t\t\t\t\t\t<\/div>\n<\/div><div class=\"vc_empty_space\"   style=\"height: 4px\"><span class=\"vc_empty_space_inner\"><\/span><\/div><div class=\"mkdf-iwt clearfix  mkdf-iwt-icon-left-from-title mkdf-iwt-icon-medium\">\n\t<div class=\"mkdf-iwt-content\" >\n\t\t\t\t\t<h6 class=\"mkdf-iwt-title\" style=\"color: #000000\">\n\t\t\t\t\t\t\t\t\t<span class=\"mkdf-iwt-icon\">\n\t\t\t\t\t\t\t\t\t\t\t\t\t<img loading=\"lazy\" decoding=\"async\" width=\"1\" height=\"1\" src=\"https:\/\/teszt.hoteldelibab.hu\/wp-content\/uploads\/2022\/10\/HD_icons-ARGARANCIA.svg\" class=\"attachment-full size-full\" alt=\"Kedvezm\u00e9nyek\" \/>\t\t\t\t\t\t\t\t\t\t\t<\/span>\n\t\t\t\t\t<span class=\"mkdf-iwt-title-text\">\n\t\t\t\t\t\t6-9% Early Bird discount\t\t\t\t\t<\/span>\n\t\t\t\t\t\t\t\t\t\t\t<\/h6>\n\t\t\t\t\t\t\t<\/div>\n<\/div><div class=\"vc_empty_space\"   style=\"height: 24px\"><span class=\"vc_empty_space_inner\"><\/span><\/div><div class=\"vc_btn3-container vc_btn3-center vc_do_btn\" ><a class=\"vc_general vc_btn3 vc_btn3-size-lg vc_btn3-shape-square vc_btn3-style-outline vc_btn3-block vc_btn3-color-chino\" href=\"https:\/\/book.hoteldelibab.hu\/ajanlatkeres\" title=\"\" target=\"_blank\" rel=\"noopener\">REQUEST<\/a><\/div><div class=\"vc_btn3-container vc_btn3-center vc_do_btn\" ><a class=\"vc_general vc_btn3 vc_btn3-size-lg vc_btn3-shape-square vc_btn3-style-outline vc_btn3-block vc_btn3-color-chino\" href=\"https:\/\/book.hoteldelibab.hu\/foglalas\/kereses\" title=\"\" target=\"_blank\" rel=\"noopener\">PRICES | BOOKING<\/a><\/div><\/div><\/div><\/div><\/div><div class=\"vc_row wpb_row vc_row-fluid\" ><div class=\"wpb_column vc_column_container vc_col-sm-12\"><div class=\"vc_column-inner\"><div class=\"wpb_wrapper\"><div class=\"vc_separator wpb_content_element vc_separator_align_center vc_sep_width_100 vc_sep_pos_align_center vc_separator_no_text vc_custom_1764605653374 wpb_content_element  vc_custom_1764605653374 wpb_content_element\" ><span class=\"vc_sep_holder vc_sep_holder_l\"><span style=\"border-color:#a49383;\" class=\"vc_sep_line\"><\/span><\/span><span class=\"vc_sep_holder vc_sep_holder_r\"><span style=\"border-color:#a49383;\" class=\"vc_sep_line\"><\/span><\/span>\n<\/div><\/div><\/div><\/div><\/div><div class=\"vc_row wpb_row vc_row-fluid\" ><div class=\"wpb_column vc_column_container vc_col-sm-12\"><div class=\"vc_column-inner\"><div class=\"wpb_wrapper\">\n\t<div class=\"wpb_text_column wpb_content_element vc_custom_1769091311807\" >\n\t\t<div class=\"wpb_wrapper\">\n\t\t\t<h5>Make warm memories in the coldest months.<\/h5>\n<p>When the cold rages on outside, it is nice to change pace and slow down with a hot sauna session and some relaxing thermal water. Adventure pool, hot saunas, delicious food and carefree relaxation awaits at Hotel D\u00e9lib\u00e1b \u2013 where winter is about recharging, instead of the rush.<\/p>\n\n\t\t<\/div>\n\t<\/div>\n<\/div><\/div><\/div><\/div><div class=\"vc_row wpb_row vc_row-fluid vc_custom_1578302848189\" ><div class=\"wpb_column vc_column_container vc_col-sm-12\"><div class=\"vc_column-inner\"><div class=\"wpb_wrapper\">\n\t<div class=\"wpb_text_column wpb_content_element vc_custom_1767892782816\" >\n\t\t<div class=\"wpb_wrapper\">\n\t\t\t<div class=\"xdj266r x11i5rnm xat24cr x1mh8g0r x1vvkbs x126k92a\">\n<p><strong>Accommodation<\/strong> in your chosen room type<br \/>\n<strong>Meals<br \/>\n<\/strong>Rich buffet breakfast<br \/>\nBuffet dinner \u2013 with local and international delicacies, drinks not included<br \/>\n<strong>D\u00e9lib\u00e1b Wellness | Unlimited experience between 8:00 AM and 8 PM<\/strong><br \/>\nDivided thermal pool \u2022 32-34\u00b0C &amp; 36-38\u00b0C<br \/>\nAdventure pool<br \/>\nNeck shower<br \/>\nHot tub<br \/>\n<strong>Sauna World<\/strong><br \/>\nA classic hot Finnish sauna and a milder bio sauna, ice well, steam chamber, relaxation chamber with salt bocks<br \/>\nPlunge pool<br \/>\n<strong>Entertainment and extras<br \/>\n<\/strong><a href=\"https:\/\/touchgametable.com\/\" target=\"_blank\" rel=\"noopener\">TouchGameTable<\/a> \u2013 digital board games<br \/>\nIndoor playhouse<br \/>\nAvaliable for an extra charge: foosball, darts, billiards, air hockey<br \/>\n<strong>Room amenities<\/strong><br \/>\nBathrobe and slippers for the duration of your stay<br \/>\nWalk-in shower<br \/>\nHair dryer<br \/>\nAir conditioning<br \/>\nSatellite TV<br \/>\nWifi<br \/>\nNespresso coffe machine, capsules provided<br \/>\nWelcome mineral water in the room on the day of arrival<br \/>\n<strong>Parking<\/strong><br \/>\nLimited number of parking spots in front of the hotel\nFree \u2013 booking in advance not available<br \/>\nPaid parking in town<\/p>\n<\/div>\n\n\t\t<\/div>\n\t<\/div>\n<\/div><\/div><\/div><\/div><div class=\"vc_row wpb_row vc_row-fluid arak\" ><div class=\"wpb_column vc_column_container vc_col-sm-12\"><div class=\"vc_column-inner\"><div class=\"wpb_wrapper\"><div class=\"vc_separator wpb_content_element vc_separator_align_center vc_sep_width_100 vc_sep_pos_align_center vc_separator_no_text vc_custom_1764843122883 wpb_content_element  vc_custom_1764843122883 wpb_content_element\" ><span class=\"vc_sep_holder vc_sep_holder_l\"><span style=\"border-color:#a49383;\" class=\"vc_sep_line\"><\/span><\/span><span class=\"vc_sep_holder vc_sep_holder_r\"><span style=\"border-color:#a49383;\" class=\"vc_sep_line\"><\/span><\/span>\n<\/div>\n\t<div class=\"wpb_text_column wpb_content_element\" >\n\t\t<div class=\"wpb_wrapper\">\n\t\t\t<h6>Our prices may change depending on occupancy. The indicated prices include VAT and the service charge, but do not include the local tourist tax, which in Hajd\u00faszoboszl\u00f3 is 750 HUF \/ person \/ night. In the event of any change in the applicable VAT rate due to legislation, we reserve the right to adjust our prices accordingly.<\/h6>\n\n\t\t<\/div>\n\t<\/div>\n<div class=\"vc_separator wpb_content_element vc_separator_align_center vc_sep_width_100 vc_sep_pos_align_center vc_separator_no_text vc_custom_1764843137275 wpb_content_element  vc_custom_1764843137275 wpb_content_element\" ><span class=\"vc_sep_holder vc_sep_holder_l\"><span style=\"border-color:#a49383;\" class=\"vc_sep_line\"><\/span><\/span><span class=\"vc_sep_holder vc_sep_holder_r\"><span style=\"border-color:#a49383;\" class=\"vc_sep_line\"><\/span><\/span>\n<\/div><\/div><\/div><\/div><\/div><div data-vc-full-width=\"true\" data-vc-full-width-init=\"false\" class=\"vc_row wpb_row vc_row-fluid vc_custom_1769681995148 vc_row-has-fill vc_column-gap-30 vc_row-o-content-middle vc_row-flex\" style=\"background-color:#555555\"><div class=\"wpb_column vc_column_container vc_col-sm-3\"><div class=\"vc_column-inner\"><div class=\"wpb_wrapper\"><\/div><\/div><\/div><div class=\"wpb_column vc_column_container vc_col-sm-6\"><div class=\"vc_column-inner vc_custom_1769681391476\"><div class=\"wpb_wrapper\"><div class=\"vc_tta-container\" data-vc-action=\"collapseAll\"><div class=\"vc_general vc_tta vc_tta-accordion vc_tta-color-chino vc_tta-style-classic vc_tta-shape-square vc_tta-o-shape-group vc_tta-controls-align-center vc_tta-o-no-fill vc_tta-o-all-clickable vc_custom_1583929257131\"><div class=\"vc_tta-panels-container\"><div class=\"vc_tta-panels\"><div class=\"vc_tta-panel\" id=\"1583926886641-f95a8218-4408\" data-vc-content=\".vc_tta-panel-body\"><div class=\"vc_tta-panel-heading\"><h4 class=\"vc_tta-panel-title vc_tta-controls-icon-position-left\"><a href=\"#1583926886641-f95a8218-4408\" data-vc-accordion data-vc-container=\".vc_tta-container\"><span class=\"vc_tta-title-text\">SUBSCRIBE TO OUR NEWSLETTER<\/span><i class=\"vc_tta-controls-icon vc_tta-controls-icon-triangle\"><\/i><\/a><\/h4><\/div><div class=\"vc_tta-panel-body\">\n\t<div class=\"wpb_raw_code wpb_raw_html wpb_content_element\" >\n\t\t<div class=\"wpb_wrapper\">\n\t\t\t                <div class=\"ml-embedded\" data-form=\"PZDCwX\"><\/div>\n            \n\t\t<\/div>\n\t<\/div>\n<\/div><\/div><\/div><\/div><\/div><\/div><\/div><\/div><\/div><div class=\"wpb_column vc_column_container vc_col-sm-3\"><div class=\"vc_column-inner\"><div class=\"wpb_wrapper\"><\/div><\/div><\/div><\/div><div class=\"vc_row-full-width vc_clearfix\"><\/div><div data-vc-full-width=\"true\" data-vc-full-width-init=\"false\" data-vc-stretch-content=\"true\" class=\"vc_row wpb_row vc_row-fluid vc_custom_1769682000846 vc_row-no-padding\" ><div class=\"wpb_column vc_column_container vc_col-sm-12\"><div class=\"vc_column-inner vc_custom_1667735788066\"><div class=\"wpb_wrapper\"><div  class=\"wpb_widgetised_column wpb_content_element\">\n\t\t<div class=\"wpb_wrapper\">\n\t\t\t\n\t\t\t<div class=\"widget_text widget widget_custom_html\"><div class=\"textwidget custom-html-widget\"><iframe src=\"https:\/\/www.google.com\/maps\/embed?pb=!1m18!1m12!1m3!1d2698.024179487201!2d21.395308815879872!3d47.45046810674325!2m3!1f0!2f0!3f0!3m2!1i1024!2i768!4f13.1!3m3!1m2!1s0x4747197c7dbfa419%3A0xa05f57e4146f300c!2zSG90ZWwgRMOpbGliw6Fi!5e0!3m2!1shu!2shu!4v1667732845164!5m2!1shu!2shu\" width=\"100%\" height=\"450\" style=\"border:0; filter:saturate(0%);\" allowfullscreen=\"\" loading=\"lazy\" referrerpolicy=\"no-referrer-when-downgrade\"><\/iframe>\r\n<\/div><\/div>\n\t\t<\/div>\n\t<\/div>\n<\/div><\/div><\/div><\/div><div class=\"vc_row-full-width vc_clearfix\"><\/div>\n<\/div>","protected":false},"excerpt":{"rendered":"D\u00e9lib\u00e1b T\u00e9li Wellness Hajd\u00faszoboszl\u00f3n D\u00e9lib\u00e1b T\u00e9li Wellness Melenget\u0151 pihen\u00e9s a hideg napokban. 2025.12.01. - 2026.02.28. Min. 2 \u00e9jszaka \u00c9rkez\u00e9s: a h\u00e9t minden napj\u00e1n 31 500 Ft\/ f\u0151\/ \u00e9j \u00e1rt\u00f3l Minimum 50% el\u0151leg 6-9% el\u0151foglal\u00e1si kedvezm\u00e9ny AJ\u00c1NLATK\u00c9R\u00c9S\u00c1RAK | FOGLAL\u00c1S Melenget\u0151 \u00e9lm\u00e9nyek [...]","protected":false},"author":3,"featured_media":29270,"parent":16695,"menu_order":40,"comment_status":"closed","ping_status":"closed","template":"","meta":{"_acf_changed":false,"inline_featured_image":false,"footnotes":""},"class_list":["post-27402","page","type-page","status-publish","has-post-thumbnail","hentry"],"acf":[],"_links":{"self":[{"href":"https:\/\/teszt.hoteldelibab.hu\/en\/wp-json\/wp\/v2\/pages\/27402","targetHints":{"allow":["GET"]}}],"collection":[{"href":"https:\/\/teszt.hoteldelibab.hu\/en\/wp-json\/wp\/v2\/pages"}],"about":[{"href":"https:\/\/teszt.hoteldelibab.hu\/en\/wp-json\/wp\/v2\/types\/page"}],"author":[{"embeddable":true,"href":"https:\/\/teszt.hoteldelibab.hu\/en\/wp-json\/wp\/v2\/users\/3"}],"replies":[{"embeddable":true,"href":"https:\/\/teszt.hoteldelibab.hu\/en\/wp-json\/wp\/v2\/comments?post=27402"}],"version-history":[{"count":1,"href":"https:\/\/teszt.hoteldelibab.hu\/en\/wp-json\/wp\/v2\/pages\/27402\/revisions"}],"predecessor-version":[{"id":32715,"href":"https:\/\/teszt.hoteldelibab.hu\/en\/wp-json\/wp\/v2\/pages\/27402\/revisions\/32715"}],"up":[{"embeddable":true,"href":"https:\/\/teszt.hoteldelibab.hu\/en\/wp-json\/wp\/v2\/pages\/16695"}],"wp:featuredmedia":[{"embeddable":true,"href":"https:\/\/teszt.hoteldelibab.hu\/en\/wp-json\/wp\/v2\/media\/29270"}],"wp:attachment":[{"href":"https:\/\/teszt.hoteldelibab.hu\/en\/wp-json\/wp\/v2\/media?parent=27402"}],"curies":[{"name":"wp","href":"https:\/\/api.w.org\/{rel}","templated":true}]}}