{"id":28330,"date":"2024-05-01T06:59:31","date_gmt":"2024-05-01T06:59:31","guid":{"rendered":"https:\/\/teszt.hoteldelibab.hu\/?page_id=28330"},"modified":"2026-02-14T10:09:26","modified_gmt":"2026-02-14T09:09:26","slug":"kapcsolat","status":"publish","type":"page","link":"https:\/\/teszt.hoteldelibab.hu\/en\/kapcsolat\/","title":{"rendered":"Contact"},"content":{"rendered":"<div class=\"wpb-content-wrapper\"><div class=\"mkdf-row-grid-section-wrapper mkdf-content-aligment-center\"  ><div class=\"mkdf-row-grid-section\"><div class=\"vc_row wpb_row vc_row-fluid vc_custom_1716463389078 vc_row-o-content-top vc_row-flex\" ><div class=\"wpb_column vc_column_container vc_col-sm-12 vc_col-lg-12 vc_col-md-12\"><div class=\"vc_column-inner\"><div class=\"wpb_wrapper\"><div class=\"vc_row wpb_row vc_inner vc_row-fluid\" ><div class=\"wpb_column vc_column_container vc_col-sm-2\"><div class=\"vc_column-inner\"><div class=\"wpb_wrapper\">\n\t<div  class=\"wpb_single_image wpb_content_element vc_align_left wpb_content_element\">\n\t\t\n\t\t<figure class=\"wpb_wrapper vc_figure\">\n\t\t\t<div class=\"vc_single_image-wrapper   vc_box_border_grey\"><img loading=\"lazy\" decoding=\"async\" width=\"1\" height=\"1\" src=\"https:\/\/teszt.hoteldelibab.hu\/wp-content\/uploads\/2022\/10\/HD_icons-DISZPECSER.svg\" class=\"vc_single_image-img attachment-full\" alt=\"\" title=\"HD_icons-DISZPECSER\" \/><\/div>\n\t\t<\/figure>\n\t<\/div>\n<\/div><\/div><\/div><div class=\"wpb_column vc_column_container vc_col-sm-10\"><div class=\"vc_column-inner\"><div class=\"wpb_wrapper\"><div class=\"mkdf-section-title-holder  mkdf-st-standard mkdf-st-ha-left mkdf-st-title-left mkdf-st-normal-space\" style=\"text-align: left\">\n\t<div class=\"mkdf-st-inner\">\n\t\t\t\t\t\t\t<h2 class=\"mkdf-st-title\" >\n\t\t\t\tContact\t\t\t\t\t\t\t<\/h2>\n\t\t\t\t\t\t\t<div class=\"mkdf-st-separator\" ><\/div>\n\t\t\t\t\t\t\t<span class=\"mkdf-st-text\" style=\"font-size:1.8em\">\n\t\t\t\tGet in touch with us via the contact details below!\t\t\t<\/span>\n\t\t\t<\/div>\n<\/div><\/div><\/div><\/div><\/div><div class=\"vc_empty_space\"   style=\"height: 36px\"><span class=\"vc_empty_space_inner\"><\/span><\/div><div class=\"vc_row wpb_row vc_inner vc_row-fluid vc_custom_1716463017138 vc_row-has-fill vc_row-o-content-top vc_row-flex\" ><div class=\"wpb_column vc_column_container vc_col-sm-4 vc_col-has-fill\"><div class=\"vc_column-inner vc_custom_1716535937120\"><div class=\"wpb_wrapper\"><div class=\"mkdf-iwt clearfix  mkdf-iwt-icon-top mkdf-iwt-icon-medium\">\n\t<div class=\"mkdf-iwt-icon\">\n\t\t\t\t\t<a itemprop=\"url\" href=\"https:\/\/book.hoteldelibab.hu\/foglalas\/kereses\" target=\"_blank\" rel=\"noopener\">\n\t\t\t\t\t\t\t\t\t    <span class=\"mkdf-icon-shortcode mkdf-circle   mkdf-icon-medium\" style=\"width: 80px;height: 80px;line-height: 80px;background-color: #ffffff\" data-hover-background-color=\"#333132\" data-hover-color=\"#ffffff\" data-color=\"#333132\">\n                    <i class=\"mkdf-icon-linear-icon lnr lnr-calendar-full mkdf-icon-element\" style=\"color: #333132;font-size:50px\" ><\/i>            <\/span>\n\t\t\t\t\t\t\t\t<\/a>\n\t\t\t<\/div>\n\t<div class=\"mkdf-iwt-content\" style=\"padding: 26px 0\">\n\t\t\t\t\t<h5 class=\"mkdf-iwt-title\" >\n\t\t\t\t\t\t\t\t\t<a itemprop=\"url\" href=\"https:\/\/book.hoteldelibab.hu\/foglalas\/kereses\" target=\"_blank\" rel=\"noopener\">\n\t\t\t\t\t\t\t\t<span class=\"mkdf-iwt-title-text\">RESERVATION<\/span>\n\t\t\t\t\t\t\t\t\t<\/a>\n\t\t\t\t\t\t\t\t\t\t\t<\/h5>\n\t\t\t\t\t\t\t\t\t<\/div>\n<\/div>\n\t<div class=\"wpb_text_column wpb_content_element vc_custom_1769090012558\" >\n\t\t<div class=\"wpb_wrapper\">\n\t\t\t<p>Monday to Saturday:<br \/>\n8.00 am \u2013 4.30 pm<br \/>\n<a href=\"tel:+36 21 3500 777\">+36 21 3500 777<\/a><br \/>\n<a href=\"mailto:info@hoteldelibab.hu\">info@hoteldelibab.hu<\/a><\/p>\n\n\t\t<\/div>\n\t<\/div>\n<\/div><\/div><\/div><div class=\"wpb_column vc_column_container vc_col-sm-4 vc_col-has-fill\"><div class=\"vc_column-inner vc_custom_1716535949225\"><div class=\"wpb_wrapper\"><div class=\"mkdf-iwt clearfix  mkdf-iwt-icon-top mkdf-iwt-icon-medium\">\n\t<div class=\"mkdf-iwt-icon\">\n\t\t\t\t\t<a itemprop=\"url\" href=\"mailto:info@hoteldelibab.hu\" target=\"_self\">\n\t\t\t\t\t\t\t\t\t    <span class=\"mkdf-icon-shortcode mkdf-circle   mkdf-icon-medium\" style=\"width: 80px;height: 80px;line-height: 80px;background-color: #ffffff\" data-hover-background-color=\"#333132\" data-hover-color=\"#ffffff\" data-color=\"#333132\">\n                    <i class=\"mkdf-icon-linear-icon lnr lnr-phone-handset mkdf-icon-element\" style=\"color: #333132;font-size:50px\" ><\/i>            <\/span>\n\t\t\t\t\t\t\t\t<\/a>\n\t\t\t<\/div>\n\t<div class=\"mkdf-iwt-content\" style=\"padding: 26px 0\">\n\t\t\t\t\t<h5 class=\"mkdf-iwt-title\" >\n\t\t\t\t\t\t\t\t\t<a itemprop=\"url\" href=\"mailto:info@hoteldelibab.hu\" target=\"_self\">\n\t\t\t\t\t\t\t\t<span class=\"mkdf-iwt-title-text\">RECEPTION<\/span>\n\t\t\t\t\t\t\t\t\t<\/a>\n\t\t\t\t\t\t\t\t\t\t\t<\/h5>\n\t\t\t\t\t\t\t\t\t<\/div>\n<\/div>\n\t<div class=\"wpb_text_column wpb_content_element vc_custom_1769090029131\" >\n\t\t<div class=\"wpb_wrapper\">\n\t\t\t<p>Monday to Sunday:<br \/>\n0:00 &#8211; 24:00<br \/>\n<a href=\"tel:+36 52 360 366\">+36 52 360 366<\/a><br \/>\n<a href=\"mailto:recepcio@hoteldelibab.hu\">recepcio@hoteldelibab.hu<\/a><\/p>\n\n\t\t<\/div>\n\t<\/div>\n<\/div><\/div><\/div><div class=\"wpb_column vc_column_container vc_col-sm-4 vc_col-has-fill\"><div class=\"vc_column-inner vc_custom_1716535958658\"><div class=\"wpb_wrapper\"><div class=\"mkdf-iwt clearfix  mkdf-iwt-icon-top mkdf-iwt-icon-medium\">\n\t<div class=\"mkdf-iwt-icon\">\n\t\t\t\t\t\t\t\t\t    <span class=\"mkdf-icon-shortcode mkdf-circle   mkdf-icon-medium\" style=\"width: 80px;height: 80px;line-height: 80px;background-color: #ffffff\" data-hover-background-color=\"#333132\" data-hover-color=\"#ffffff\" data-color=\"#333132\">\n                    <i class=\"mkdf-icon-linear-icon lnr lnr-map-marker mkdf-icon-element\" style=\"color: #333132;font-size:50px\" ><\/i>            <\/span>\n\t\t\t\t\t\t<\/div>\n\t<div class=\"mkdf-iwt-content\" style=\"padding: 26px 0\">\n\t\t\t\t\t<h5 class=\"mkdf-iwt-title\" >\n\t\t\t\t\t\t\t\t<span class=\"mkdf-iwt-title-text\">EVENT<\/span>\n\t\t\t\t\t\t\t\t\t\t\t<\/h5>\n\t\t\t\t\t\t\t\t\t<\/div>\n<\/div>\n\t<div class=\"wpb_text_column wpb_content_element vc_custom_1769090036144\" >\n\t\t<div class=\"wpb_wrapper\">\n\t\t\t<p>Monday to Friday<br \/>\n8.00 am \u2013 4.30 pm<br \/>\n<a href=\"tel:+36 30 268 8658\">+36 30 268 8658<\/a><br \/>\n<a href=\"mailto:rendezveny@hoteldelibab.hu\">rendezveny@hoteldelibab.hu<\/a><\/p>\n\n\t\t<\/div>\n\t<\/div>\n<\/div><\/div><\/div><\/div><\/div><\/div><\/div><\/div><\/div><\/div><div data-vc-full-width=\"true\" data-vc-full-width-init=\"false\" class=\"vc_row wpb_row vc_row-fluid vc_custom_1691671841401 vc_row-has-fill vc_row-o-content-top vc_row-flex\" style=\"background-color:#555555\"><div class=\"wpb_column vc_column_container vc_col-sm-3\"><div class=\"vc_column-inner\"><div class=\"wpb_wrapper\"><\/div><\/div><\/div><div class=\"wpb_column vc_column_container vc_col-sm-6\"><div class=\"vc_column-inner\"><div class=\"wpb_wrapper\"><div class=\"vc_tta-container\" data-vc-action=\"collapseAll\"><div class=\"vc_general vc_tta vc_tta-accordion vc_tta-color-chino vc_tta-style-classic vc_tta-shape-square vc_tta-o-shape-group vc_tta-controls-align-center vc_tta-o-no-fill vc_tta-o-all-clickable vc_custom_1583929257131\"><div class=\"vc_tta-panels-container\"><div class=\"vc_tta-panels\"><div class=\"vc_tta-panel\" id=\"1583926886641-f95a8218-4408\" data-vc-content=\".vc_tta-panel-body\"><div class=\"vc_tta-panel-heading\"><h4 class=\"vc_tta-panel-title vc_tta-controls-icon-position-left\"><a href=\"#1583926886641-f95a8218-4408\" data-vc-accordion data-vc-container=\".vc_tta-container\"><span class=\"vc_tta-title-text\">SUBSCRIBE TO OUR NEWSLETTER<\/span><i class=\"vc_tta-controls-icon vc_tta-controls-icon-triangle\"><\/i><\/a><\/h4><\/div><div class=\"vc_tta-panel-body\">\n\t<div class=\"wpb_raw_code wpb_raw_html wpb_content_element\" >\n\t\t<div class=\"wpb_wrapper\">\n\t\t\t                <div class=\"ml-embedded\" data-form=\"PZDCwX\"><\/div>\n            \n\t\t<\/div>\n\t<\/div>\n<\/div><\/div><\/div><\/div><\/div><\/div><\/div><\/div><\/div><div class=\"wpb_column vc_column_container vc_col-sm-3 vc_hidden-xs\"><div class=\"vc_column-inner\"><div class=\"wpb_wrapper\"><\/div><\/div><\/div><\/div><div class=\"vc_row-full-width vc_clearfix\"><\/div><div data-vc-full-width=\"true\" data-vc-full-width-init=\"false\" data-vc-stretch-content=\"true\" class=\"vc_row wpb_row vc_row-fluid vc_custom_1691671837004\" ><div class=\"wpb_column vc_column_container vc_col-sm-12\"><div class=\"vc_column-inner vc_custom_1667735788066\"><div class=\"wpb_wrapper\"><div  class=\"wpb_widgetised_column wpb_content_element\">\n\t\t<div class=\"wpb_wrapper\">\n\t\t\t\n\t\t\t<div class=\"widget_text widget widget_custom_html\"><div class=\"textwidget custom-html-widget\"><iframe src=\"https:\/\/www.google.com\/maps\/embed?pb=!1m18!1m12!1m3!1d2698.024179487201!2d21.395308815879872!3d47.45046810674325!2m3!1f0!2f0!3f0!3m2!1i1024!2i768!4f13.1!3m3!1m2!1s0x4747197c7dbfa419%3A0xa05f57e4146f300c!2zSG90ZWwgRMOpbGliw6Fi!5e0!3m2!1shu!2shu!4v1667732845164!5m2!1shu!2shu\" width=\"100%\" height=\"450\" style=\"border:0; filter:saturate(0%);\" allowfullscreen=\"\" loading=\"lazy\" referrerpolicy=\"no-referrer-when-downgrade\"><\/iframe>\r\n<\/div><\/div>\n\t\t<\/div>\n\t<\/div>\n<\/div><\/div><\/div><\/div><div class=\"vc_row-full-width vc_clearfix\"><\/div><div class=\"vc_row wpb_row vc_row-fluid\" ><div class=\"wpb_column vc_column_container vc_col-sm-12\"><div class=\"vc_column-inner\"><div class=\"wpb_wrapper\">\n\t<div class=\"wpb_text_column wpb_content_element\" >\n\t\t<div class=\"wpb_wrapper\">\n\t\t\t\n\t\t<\/div>\n\t<\/div>\n<\/div><\/div><\/div><\/div>\n<\/div>","protected":false},"excerpt":{"rendered":"Kapcsolat Vedd fel vel\u00fcnk a kapcsolatot az al\u00e1bbi el\u00e9rhet\u0151s\u00e9geink egyik\u00e9n. SZOBAFOGLAL\u00c1S H\u00e9tf\u0151 - Szombat: 08:00 - 16:30 +36 21 3500 777 info@hoteldelibab.hu RECEPCI\u00d3 H\u00e9tf\u0151 - Vas\u00e1rnap: 0:00 - 24:00 +36 52 360 366 recepcio@hoteldelibab.hu RENDEZV\u00c9NY H\u00e9tf\u0151 - P\u00e9ntek: 08:00 - [...]","protected":false},"author":5,"featured_media":0,"parent":0,"menu_order":0,"comment_status":"closed","ping_status":"closed","template":"","meta":{"_acf_changed":false,"inline_featured_image":false,"footnotes":""},"class_list":["post-28330","page","type-page","status-publish","hentry"],"acf":[],"_links":{"self":[{"href":"https:\/\/teszt.hoteldelibab.hu\/en\/wp-json\/wp\/v2\/pages\/28330","targetHints":{"allow":["GET"]}}],"collection":[{"href":"https:\/\/teszt.hoteldelibab.hu\/en\/wp-json\/wp\/v2\/pages"}],"about":[{"href":"https:\/\/teszt.hoteldelibab.hu\/en\/wp-json\/wp\/v2\/types\/page"}],"author":[{"embeddable":true,"href":"https:\/\/teszt.hoteldelibab.hu\/en\/wp-json\/wp\/v2\/users\/5"}],"replies":[{"embeddable":true,"href":"https:\/\/teszt.hoteldelibab.hu\/en\/wp-json\/wp\/v2\/comments?post=28330"}],"version-history":[{"count":2,"href":"https:\/\/teszt.hoteldelibab.hu\/en\/wp-json\/wp\/v2\/pages\/28330\/revisions"}],"predecessor-version":[{"id":32743,"href":"https:\/\/teszt.hoteldelibab.hu\/en\/wp-json\/wp\/v2\/pages\/28330\/revisions\/32743"}],"wp:attachment":[{"href":"https:\/\/teszt.hoteldelibab.hu\/en\/wp-json\/wp\/v2\/media?parent=28330"}],"curies":[{"name":"wp","href":"https:\/\/api.w.org\/{rel}","templated":true}]}}