{"id":28358,"date":"2024-05-02T09:32:42","date_gmt":"2024-05-02T09:32:42","guid":{"rendered":"https:\/\/teszt.hoteldelibab.hu\/csomagajanlatok\/premium-nyar-c\/"},"modified":"2026-02-12T14:57:26","modified_gmt":"2026-02-12T13:57:26","slug":"delibab-55-wellness","status":"publish","type":"page","link":"https:\/\/teszt.hoteldelibab.hu\/en\/csomagajanlatok\/delibab-55-wellness\/","title":{"rendered":"D\u00e9lib\u00e1b 55+ WELLNESS"},"content":{"rendered":"<div class=\"wpb-content-wrapper\"><div class=\"vc_row wpb_row vc_row-fluid\" ><div class=\"wpb_column vc_column_container vc_col-sm-12\"><div class=\"vc_column-inner\"><div class=\"wpb_wrapper\"><div class=\"mkdf-section-title-holder  mkdf-st-standard  mkdf-st-title-left mkdf-st-normal-space\" >\n\t<div class=\"mkdf-st-inner\">\n\t\t\t\t\t\t\t<h2 class=\"mkdf-st-title\" >\n\t\t\t\tD\u00e9lib\u00e1b 55+ WELLNESS\t\t\t\t\t\t\t<\/h2>\n\t\t\t\t\t\t\t<\/div>\n<\/div><\/div><\/div><\/div><\/div><div class=\"vc_row wpb_row vc_row-fluid vc_custom_1764670041814\" ><div class=\"wpb_column vc_column_container vc_col-sm-12\"><div class=\"vc_column-inner\"><div class=\"wpb_wrapper\"><div class=\"vc_separator wpb_content_element vc_separator_align_center vc_sep_width_100 vc_sep_pos_align_center vc_separator_no_text vc_custom_1764670055085 wpb_content_element  vc_custom_1764670055085 wpb_content_element\" ><span class=\"vc_sep_holder vc_sep_holder_l\"><span style=\"border-color:#a49383;\" class=\"vc_sep_line\"><\/span><\/span><span class=\"vc_sep_holder vc_sep_holder_r\"><span style=\"border-color:#a49383;\" class=\"vc_sep_line\"><\/span><\/span>\n<\/div><\/div><\/div><\/div><\/div><div class=\"vc_row wpb_row vc_row-fluid vc_row-o-equal-height vc_row-o-content-top vc_row-flex\" ><div class=\"wpb_column vc_column_container vc_col-sm-9\"><div class=\"vc_column-inner\"><div class=\"wpb_wrapper\">\n\t<div  class=\"wpb_single_image wpb_content_element vc_align_center wpb_content_element\">\n\t\t\n\t\t<figure class=\"wpb_wrapper vc_figure\">\n\t\t\t<div class=\"vc_single_image-wrapper   vc_box_border_grey\"><img loading=\"lazy\" decoding=\"async\" width=\"1000\" height=\"563\" src=\"https:\/\/teszt.hoteldelibab.hu\/wp-content\/uploads\/2024\/08\/NYUGDIJAS-csomag_HotelDelibabHajduszoboszlo_1000x563.jpg\" class=\"vc_single_image-img attachment-full\" alt=\"55+ Wellness \u00e9s nyugd\u00edjas csomag Hajd\u00faszoboszl\u00f3 - Hotel D\u00e9lib\u00e1b Hajd\u00faszoboszl\u00f3\" title=\"NYUGDIJAS-csomag_HotelDelibabHajduszoboszlo_1000x563\" srcset=\"https:\/\/teszt.hoteldelibab.hu\/wp-content\/uploads\/2024\/08\/NYUGDIJAS-csomag_HotelDelibabHajduszoboszlo_1000x563.jpg 1000w, https:\/\/teszt.hoteldelibab.hu\/wp-content\/uploads\/2024\/08\/NYUGDIJAS-csomag_HotelDelibabHajduszoboszlo_1000x563-600x338.jpg 600w, https:\/\/teszt.hoteldelibab.hu\/wp-content\/uploads\/2024\/08\/NYUGDIJAS-csomag_HotelDelibabHajduszoboszlo_1000x563-768x432.jpg 768w\" sizes=\"auto, (max-width: 1000px) 100vw, 1000px\" \/><\/div>\n\t\t<\/figure>\n\t<\/div>\n<\/div><\/div><\/div><div class=\"wpb_column vc_column_container vc_col-sm-3\"><div class=\"vc_column-inner vc_custom_1576745059144\"><div class=\"wpb_wrapper\"><div class=\"vc_empty_space\"   style=\"height: 16px\"><span class=\"vc_empty_space_inner\"><\/span><\/div><h2 class=\"mkdf-custom-font-holder  mkdf-cf-4709\" style=\"font-size: 1.4rem;line-height: 1.25rem;font-weight: 600;text-align: justify;margin: 0\" data-item-class=\"mkdf-cf-4709\">\n\tD\u00e9lib\u00e1b 55+ Wellness<\/h2><p class=\"mkdf-custom-font-holder  mkdf-cf-2040\" style=\"line-height: 1.25rem;text-align: justify\" data-item-class=\"mkdf-cf-2040\">\n\tRelaxation, thermal water, pampering.<\/p><div class=\"mkdf-iwt clearfix  mkdf-iwt-icon-left-from-title mkdf-iwt-icon-medium\">\n\t<div class=\"mkdf-iwt-content\" >\n\t\t\t\t\t<h6 class=\"mkdf-iwt-title\" style=\"color: #000000\">\n\t\t\t\t\t\t\t\t\t<span class=\"mkdf-iwt-icon\">\n\t\t\t\t\t\t\t\t\t\t\t\t\t<img loading=\"lazy\" decoding=\"async\" width=\"1\" height=\"1\" src=\"https:\/\/teszt.hoteldelibab.hu\/wp-content\/uploads\/2022\/10\/HD_icons-NAPTAR.svg\" class=\"attachment-full size-full\" alt=\"Id\u0151pont \u25cf Hotel D\u00e9lib\u00e1b Hajd\u00faszoboszl\u00f3\" \/>\t\t\t\t\t\t\t\t\t\t\t<\/span>\n\t\t\t\t\t<span class=\"mkdf-iwt-title-text\">\n\t\t\t\t\t\t2026.01.08. - 2026.04.30.\t\t\t\t\t<\/span>\n\t\t\t\t\t\t\t\t\t\t\t<\/h6>\n\t\t\t\t\t\t\t<\/div>\n<\/div><div class=\"vc_empty_space\"   style=\"height: 4px\"><span class=\"vc_empty_space_inner\"><\/span><\/div><div class=\"mkdf-iwt clearfix  mkdf-iwt-icon-left-from-title mkdf-iwt-icon-medium\">\n\t<div class=\"mkdf-iwt-content\" >\n\t\t\t\t\t<h6 class=\"mkdf-iwt-title\" style=\"color: #000000\">\n\t\t\t\t\t\t\t\t\t<span class=\"mkdf-iwt-icon\">\n\t\t\t\t\t\t\t\t\t\t\t\t\t<img loading=\"lazy\" decoding=\"async\" width=\"1\" height=\"1\" src=\"https:\/\/teszt.hoteldelibab.hu\/wp-content\/uploads\/2022\/10\/HD_icons-EJSZAKA.svg\" class=\"attachment-full size-full\" alt=\"\u00c9jszaka\" \/>\t\t\t\t\t\t\t\t\t\t\t<\/span>\n\t\t\t\t\t<span class=\"mkdf-iwt-title-text\">\n\t\t\t\t\t\t2 nights minimum\t\t\t\t\t<\/span>\n\t\t\t\t\t\t\t\t\t\t\t<\/h6>\n\t\t\t\t\t\t\t<\/div>\n<\/div><div class=\"vc_empty_space\"   style=\"height: 4px\"><span class=\"vc_empty_space_inner\"><\/span><\/div><div class=\"mkdf-iwt clearfix  mkdf-iwt-icon-left-from-title mkdf-iwt-icon-medium\">\n\t<div class=\"mkdf-iwt-content\" >\n\t\t\t\t\t<h6 class=\"mkdf-iwt-title\" style=\"color: #000000\">\n\t\t\t\t\t\t\t\t\t<span class=\"mkdf-iwt-icon\">\n\t\t\t\t\t\t\t\t\t\t\t\t\t<img loading=\"lazy\" decoding=\"async\" width=\"1\" height=\"1\" src=\"https:\/\/teszt.hoteldelibab.hu\/wp-content\/uploads\/2022\/10\/HD_icons-SIKERES.svg\" class=\"attachment-full size-full\" alt=\"Hotel D\u00e9lib\u00e1b Hajd\u00faszoboszl\u00f3\" \/>\t\t\t\t\t\t\t\t\t\t\t<\/span>\n\t\t\t\t\t<span class=\"mkdf-iwt-title-text\">\n\t\t\t\t\t\tArrival: sunday - wednesday\t\t\t\t\t<\/span>\n\t\t\t\t\t\t\t\t\t\t\t<\/h6>\n\t\t\t\t\t\t\t<\/div>\n<\/div><div class=\"vc_empty_space\"   style=\"height: 4px\"><span class=\"vc_empty_space_inner\"><\/span><\/div><div class=\"mkdf-iwt clearfix  mkdf-iwt-icon-left-from-title mkdf-iwt-icon-medium\">\n\t<div class=\"mkdf-iwt-content\" >\n\t\t\t\t\t<h6 class=\"mkdf-iwt-title\" style=\"color: #000000\">\n\t\t\t\t\t\t\t\t\t<span class=\"mkdf-iwt-icon\">\n\t\t\t\t\t\t\t\t\t\t\t\t\t<img loading=\"lazy\" decoding=\"async\" width=\"1\" height=\"1\" src=\"https:\/\/teszt.hoteldelibab.hu\/wp-content\/uploads\/2022\/10\/HD_icons-CSOMAGAR.svg\" class=\"attachment-full size-full\" alt=\"Csomag\u00e1r | Hotel D\u00e9lib\u00e1b Hajd\u00faszoboszl\u00f3\" \/>\t\t\t\t\t\t\t\t\t\t\t<\/span>\n\t\t\t\t\t<span class=\"mkdf-iwt-title-text\">\n\t\t\t\t\t\tPrices starting at 31 880 Ft \/ person \/ night\t\t\t\t\t<\/span>\n\t\t\t\t\t\t\t\t\t\t\t<\/h6>\n\t\t\t\t\t\t\t<\/div>\n<\/div><div class=\"vc_empty_space\"   style=\"height: 4px\"><span class=\"vc_empty_space_inner\"><\/span><\/div><div class=\"mkdf-iwt clearfix  mkdf-iwt-icon-left-from-title mkdf-iwt-icon-medium\">\n\t<div class=\"mkdf-iwt-content\" >\n\t\t\t\t\t<h6 class=\"mkdf-iwt-title\" style=\"color: #000000\">\n\t\t\t\t\t\t\t\t\t<span class=\"mkdf-iwt-icon\">\n\t\t\t\t\t\t\t\t\t\t\t\t\t<img loading=\"lazy\" decoding=\"async\" width=\"204\" height=\"204\" src=\"https:\/\/teszt.hoteldelibab.hu\/wp-content\/uploads\/2022\/09\/HD_icons-AR.png\" class=\"attachment-full size-full\" alt=\"\" srcset=\"https:\/\/teszt.hoteldelibab.hu\/wp-content\/uploads\/2022\/09\/HD_icons-AR.png 204w, https:\/\/teszt.hoteldelibab.hu\/wp-content\/uploads\/2022\/09\/HD_icons-AR-150x150.png 150w\" sizes=\"auto, (max-width: 204px) 100vw, 204px\" \/>\t\t\t\t\t\t\t\t\t\t\t<\/span>\n\t\t\t\t\t<span class=\"mkdf-iwt-title-text\">\n\t\t\t\t\t\tMinimum 50% deposit required\t\t\t\t\t<\/span>\n\t\t\t\t\t\t\t\t\t\t\t<\/h6>\n\t\t\t\t\t\t\t<\/div>\n<\/div><div class=\"vc_empty_space\"   style=\"height: 4px\"><span class=\"vc_empty_space_inner\"><\/span><\/div><div class=\"mkdf-iwt clearfix  mkdf-iwt-icon-left-from-title mkdf-iwt-icon-medium\">\n\t<div class=\"mkdf-iwt-content\" >\n\t\t\t\t\t<h6 class=\"mkdf-iwt-title\" style=\"color: #000000\">\n\t\t\t\t\t\t\t\t\t<span class=\"mkdf-iwt-icon\">\n\t\t\t\t\t\t\t\t\t\t\t\t\t<img loading=\"lazy\" decoding=\"async\" width=\"1\" height=\"1\" src=\"https:\/\/teszt.hoteldelibab.hu\/wp-content\/uploads\/2022\/10\/HD_icons-ARGARANCIA.svg\" class=\"attachment-full size-full\" alt=\"Kedvezm\u00e9nyek\" \/>\t\t\t\t\t\t\t\t\t\t\t<\/span>\n\t\t\t\t\t<span class=\"mkdf-iwt-title-text\">\n\t\t\t\t\t\t6-9% Early Bird discount\t\t\t\t\t<\/span>\n\t\t\t\t\t\t\t\t\t\t\t<\/h6>\n\t\t\t\t\t\t\t<\/div>\n<\/div><div class=\"vc_empty_space\"   style=\"height: 24px\"><span class=\"vc_empty_space_inner\"><\/span><\/div><div class=\"vc_btn3-container vc_btn3-center vc_do_btn\" ><a class=\"vc_general vc_btn3 vc_btn3-size-lg vc_btn3-shape-square vc_btn3-style-outline vc_btn3-block vc_btn3-color-chino\" href=\"https:\/\/book.hoteldelibab.hu\/ajanlatkeres?fromdate=2024-06-15&#038;todate=2024-06-18\" title=\"ONLINE AJ\u00c1NLATK\u00c9R\u00c9S\" target=\"_blank\" rel=\"noopener\">REQUEST<\/a><\/div><div class=\"vc_btn3-container vc_btn3-center vc_do_btn\" ><a class=\"vc_general vc_btn3 vc_btn3-size-lg vc_btn3-shape-square vc_btn3-style-outline vc_btn3-block vc_btn3-color-chino\" href=\"https:\/\/book.hoteldelibab.hu\/foglalas\/kereses?fromdate=2024-06-15&#038;todate=2024-06-18\" title=\"Online \u00c1rkalkul\u00e1ci\u00f3\/Foglal\u00e1s\" target=\"_blank\" rel=\"noopener\">PRICES | BOOKING<\/a><\/div><\/div><\/div><\/div><\/div><div class=\"vc_row wpb_row vc_row-fluid\" ><div class=\"wpb_column vc_column_container vc_col-sm-12\"><div class=\"vc_column-inner\"><div class=\"wpb_wrapper\"><div class=\"vc_separator wpb_content_element vc_separator_align_center vc_sep_width_100 vc_sep_pos_align_center vc_separator_no_text vc_custom_1764670141885 wpb_content_element  vc_custom_1764670141885 wpb_content_element\" ><span class=\"vc_sep_holder vc_sep_holder_l\"><span style=\"border-color:#a49383;\" class=\"vc_sep_line\"><\/span><\/span><span class=\"vc_sep_holder vc_sep_holder_r\"><span style=\"border-color:#a49383;\" class=\"vc_sep_line\"><\/span><\/span>\n<\/div><\/div><\/div><\/div><\/div><div class=\"vc_row wpb_row vc_row-fluid\" ><div class=\"wpb_column vc_column_container vc_col-sm-12\"><div class=\"vc_column-inner vc_custom_1578302633417\"><div class=\"wpb_wrapper\">\n\t<div class=\"wpb_text_column wpb_content_element vc_custom_1767904918373\" >\n\t\t<div class=\"wpb_wrapper\">\n\t\t\t<div class=\"xdj266r x11i5rnm xat24cr x1mh8g0r x1vvkbs x126k92a\">\n<h5>Relaxation is not a question of age \u2013 it's just a good decision.<\/h5>\n<p data-path-to-node=\"9\">The Hotel D\u00e9lib\u00e1b 55+ WELLNESS package is designed specifically for those who long for peace, quiet and the beneficial powers of Hajd\u00faszoboszl\u00f3's world-famous medicinal waters. This senior package in the heart of Hajd\u00faszoboszl\u00f3 offers everything you need for complete relaxation: in addition to the 32-38 degree medicinal water pools, a modern sauna world and salt relaxation chamber promote health.<\/p>\n<p>&nbsp;<\/p>\n<\/div>\n\n\t\t<\/div>\n\t<\/div>\n<\/div><\/div><\/div><\/div><div class=\"vc_row wpb_row vc_row-fluid vc_custom_1764834108790\" ><div class=\"wpb_column vc_column_container vc_col-sm-6\"><div class=\"vc_column-inner vc_custom_1578302633417\"><div class=\"wpb_wrapper\"><p class=\"mkdf-custom-font-holder  mkdf-cf-3027\" style=\"font-weight: 600;text-align: justify\" data-item-class=\"mkdf-cf-3027\">\n\tContents<\/p>\n\t<div class=\"wpb_text_column wpb_content_element vc_custom_1767892669380\" >\n\t\t<div class=\"wpb_wrapper\">\n\t\t\t<p><strong>Accommodation<\/strong> in your chosen room type<br \/>\n<strong>Meals<br \/>\n<\/strong>Rich buffet breakfast<br \/>\nBuffet dinner \u2013 with local and international delicacies, drinks not included<br \/>\n<strong>D\u00e9lib\u00e1b Wellness | Unlimited experience between 8:00 AM and 8 PM<\/strong><br \/>\nDivided thermal pool \u2022 32-34\u00b0C &amp; 36-38\u00b0C<br \/>\nAdventure pool<br \/>\nNeck shower<br \/>\nHot tub<br \/>\n<strong>Sauna World<\/strong><br \/>\nA classic hot Finnish sauna and a milder bio sauna, ice well, steam chamber, relaxation chamber with salt bocks<br \/>\nPlunge pool<br \/>\n<strong>Entertainment and extras<br \/>\n<\/strong><a href=\"https:\/\/touchgametable.com\/\" target=\"_blank\" rel=\"noopener\">TouchGameTable<\/a> \u2013 digital board games<br \/>\nIndoor playhouse<br \/>\nAvaliable for an extra charge: foosball, darts, billiards, air hockey<br \/>\n<strong>Room amenities<\/strong><br \/>\nBathrobe and slippers for the duration of your stay<br \/>\nWalk-in shower<br \/>\nHair dryer<br \/>\nAir conditioning<br \/>\nSatellite TV<br \/>\nWifi<br \/>\nNespresso coffe machine, capsules provided<br \/>\nWelcome mineral water in the room on the day of arrival<br \/>\n<strong>Parking<\/strong><br \/>\nLimited number of parking spots in front of the hotel\nFree \u2013 booking in advance not available<br \/>\nPaid parking in town<\/p>\n\n\t\t<\/div>\n\t<\/div>\n<\/div><\/div><\/div><div class=\"wpb_column vc_column_container vc_col-sm-6\"><div class=\"vc_column-inner\"><div class=\"wpb_wrapper\"><p class=\"mkdf-custom-font-holder  mkdf-cf-9873\" style=\"font-weight: 600;text-align: justify\" data-item-class=\"mkdf-cf-9873\">\n\tExclusive content - only in this package<\/p>\n\t<div class=\"wpb_text_column wpb_content_element\" >\n\t\t<div class=\"wpb_wrapper\">\n\t\t\t<p>Complimentary coffee and cookie at Mirage Cafe<br \/>\nSurprise gift in your room<\/p>\n\n\t\t<\/div>\n\t<\/div>\n<\/div><\/div><\/div><\/div><div class=\"vc_row wpb_row vc_row-fluid arak\" ><div class=\"wpb_column vc_column_container vc_col-sm-12\"><div class=\"vc_column-inner\"><div class=\"wpb_wrapper\"><div class=\"vc_separator wpb_content_element vc_separator_align_center vc_sep_width_100 vc_sep_pos_align_center vc_separator_no_text vc_custom_1764834306373 wpb_content_element  vc_custom_1764834306373 wpb_content_element\" ><span class=\"vc_sep_holder vc_sep_holder_l\"><span style=\"border-color:#a49383;\" class=\"vc_sep_line\"><\/span><\/span><span class=\"vc_sep_holder vc_sep_holder_r\"><span style=\"border-color:#a49383;\" class=\"vc_sep_line\"><\/span><\/span>\n<\/div>\n\t<div class=\"wpb_text_column wpb_content_element\" >\n\t\t<div class=\"wpb_wrapper\">\n\t\t\t<h6>Our prices may change depending on occupancy. The indicated prices include VAT and the service charge, but do not include the local tourist tax, which in Hajd\u00faszoboszl\u00f3 is 750 HUF \/ person \/ night. In the event of any change in the applicable VAT rate due to legislation, we reserve the right to adjust our prices accordingly.<\/h6>\n\n\t\t<\/div>\n\t<\/div>\n<div class=\"vc_separator wpb_content_element vc_separator_align_center vc_sep_width_100 vc_sep_pos_align_center vc_separator_no_text vc_custom_1576491277576 wpb_content_element  vc_custom_1576491277576 wpb_content_element\" ><span class=\"vc_sep_holder vc_sep_holder_l\"><span style=\"border-color:#a49383;\" class=\"vc_sep_line\"><\/span><\/span><span class=\"vc_sep_holder vc_sep_holder_r\"><span style=\"border-color:#a49383;\" class=\"vc_sep_line\"><\/span><\/span>\n<\/div><\/div><\/div><\/div><\/div><div data-vc-full-width=\"true\" data-vc-full-width-init=\"false\" class=\"vc_row wpb_row vc_row-fluid vc_custom_1769682238076 vc_row-has-fill vc_row-o-content-top vc_row-flex\" style=\"background-color:#555555\"><div class=\"wpb_column vc_column_container vc_col-sm-3\"><div class=\"vc_column-inner\"><div class=\"wpb_wrapper\"><\/div><\/div><\/div><div class=\"wpb_column vc_column_container vc_col-sm-6\"><div class=\"vc_column-inner vc_custom_1769682161822\"><div class=\"wpb_wrapper\"><div class=\"vc_tta-container\" data-vc-action=\"collapseAll\"><div class=\"vc_general vc_tta vc_tta-accordion vc_tta-color-chino vc_tta-style-classic vc_tta-shape-square vc_tta-o-shape-group vc_tta-controls-align-center vc_tta-o-no-fill vc_tta-o-all-clickable vc_custom_1583929257131\"><div class=\"vc_tta-panels-container\"><div class=\"vc_tta-panels\"><div class=\"vc_tta-panel\" id=\"1583926886641-f95a8218-4408\" data-vc-content=\".vc_tta-panel-body\"><div class=\"vc_tta-panel-heading\"><h4 class=\"vc_tta-panel-title vc_tta-controls-icon-position-left\"><a href=\"#1583926886641-f95a8218-4408\" data-vc-accordion data-vc-container=\".vc_tta-container\"><span class=\"vc_tta-title-text\">SUBSCRIBE TO OUR NEWSLETTER<\/span><i class=\"vc_tta-controls-icon vc_tta-controls-icon-triangle\"><\/i><\/a><\/h4><\/div><div class=\"vc_tta-panel-body\">\n\t<div class=\"wpb_raw_code wpb_raw_html wpb_content_element\" >\n\t\t<div class=\"wpb_wrapper\">\n\t\t\t                <div class=\"ml-embedded\" data-form=\"PZDCwX\"><\/div>\n            \n\t\t<\/div>\n\t<\/div>\n<\/div><\/div><\/div><\/div><\/div><\/div><\/div><\/div><\/div><div class=\"wpb_column vc_column_container vc_col-sm-3 vc_hidden-xs\"><div class=\"vc_column-inner\"><div class=\"wpb_wrapper\"><\/div><\/div><\/div><\/div><div class=\"vc_row-full-width vc_clearfix\"><\/div><div data-vc-full-width=\"true\" data-vc-full-width-init=\"false\" data-vc-stretch-content=\"true\" class=\"vc_row wpb_row vc_row-fluid vc_custom_1769682188962 vc_row-no-padding\" ><div class=\"wpb_column vc_column_container vc_col-sm-12\"><div class=\"vc_column-inner vc_custom_1667735788066\"><div class=\"wpb_wrapper\"><div  class=\"wpb_widgetised_column wpb_content_element\">\n\t\t<div class=\"wpb_wrapper\">\n\t\t\t\n\t\t\t<div class=\"widget_text widget widget_custom_html\"><div class=\"textwidget custom-html-widget\"><iframe src=\"https:\/\/www.google.com\/maps\/embed?pb=!1m18!1m12!1m3!1d2698.024179487201!2d21.395308815879872!3d47.45046810674325!2m3!1f0!2f0!3f0!3m2!1i1024!2i768!4f13.1!3m3!1m2!1s0x4747197c7dbfa419%3A0xa05f57e4146f300c!2zSG90ZWwgRMOpbGliw6Fi!5e0!3m2!1shu!2shu!4v1667732845164!5m2!1shu!2shu\" width=\"100%\" height=\"450\" style=\"border:0; filter:saturate(0%);\" allowfullscreen=\"\" loading=\"lazy\" referrerpolicy=\"no-referrer-when-downgrade\"><\/iframe>\r\n<\/div><\/div>\n\t\t<\/div>\n\t<\/div>\n<\/div><\/div><\/div><\/div><div class=\"vc_row-full-width vc_clearfix\"><\/div>\n<\/div>","protected":false},"excerpt":{"rendered":"D\u00e9lib\u00e1b 55+ WELLNESS D\u00e9lib\u00e1b 55+ Wellness Pihen\u00e9s, gy\u00f3gyv\u00edz, k\u00e9nyeztet\u00e9s. 2026.01.08. - 2026.04.30. Minimum 2 \u00e9jszaka \u00c9rkez\u00e9s: vas\u00e1rnap - szerda 31 880 Ft\/ f\u0151\/ \u00e9j \u00e1rt\u00f3l Minimum 50% el\u0151leg 6-9 % el\u0151foglal\u00e1si kedvezm\u00e9ny AJ\u00c1NLATK\u00c9R\u00c9S\u00c1RAK | FOGLAL\u00c1S A kikapcsol\u00f3d\u00e1s nem kor k\u00e9rd\u00e9se [...]","protected":false},"author":3,"featured_media":30845,"parent":16695,"menu_order":0,"comment_status":"closed","ping_status":"closed","template":"","meta":{"_acf_changed":false,"inline_featured_image":false,"footnotes":""},"class_list":["post-28358","page","type-page","status-publish","has-post-thumbnail","hentry"],"acf":[],"_links":{"self":[{"href":"https:\/\/teszt.hoteldelibab.hu\/en\/wp-json\/wp\/v2\/pages\/28358","targetHints":{"allow":["GET"]}}],"collection":[{"href":"https:\/\/teszt.hoteldelibab.hu\/en\/wp-json\/wp\/v2\/pages"}],"about":[{"href":"https:\/\/teszt.hoteldelibab.hu\/en\/wp-json\/wp\/v2\/types\/page"}],"author":[{"embeddable":true,"href":"https:\/\/teszt.hoteldelibab.hu\/en\/wp-json\/wp\/v2\/users\/3"}],"replies":[{"embeddable":true,"href":"https:\/\/teszt.hoteldelibab.hu\/en\/wp-json\/wp\/v2\/comments?post=28358"}],"version-history":[{"count":2,"href":"https:\/\/teszt.hoteldelibab.hu\/en\/wp-json\/wp\/v2\/pages\/28358\/revisions"}],"predecessor-version":[{"id":32722,"href":"https:\/\/teszt.hoteldelibab.hu\/en\/wp-json\/wp\/v2\/pages\/28358\/revisions\/32722"}],"up":[{"embeddable":true,"href":"https:\/\/teszt.hoteldelibab.hu\/en\/wp-json\/wp\/v2\/pages\/16695"}],"wp:featuredmedia":[{"embeddable":true,"href":"https:\/\/teszt.hoteldelibab.hu\/en\/wp-json\/wp\/v2\/media\/30845"}],"wp:attachment":[{"href":"https:\/\/teszt.hoteldelibab.hu\/en\/wp-json\/wp\/v2\/media?parent=28358"}],"curies":[{"name":"wp","href":"https:\/\/api.w.org\/{rel}","templated":true}]}}